{"id":19303,"date":"2022-04-23T04:09:26","date_gmt":"2022-04-23T02:39:34","guid":{"rendered":"https:\/\/alepposhop.eu\/10-liter-schnellkochtopf\/"},"modified":"2022-04-23T04:39:54","modified_gmt":"2022-04-23T02:39:54","slug":"10-liter-schnellkochtopf","status":"publish","type":"product","link":"https:\/\/alepposhop.eu\/de\/10-liter-schnellkochtopf\/","title":{"rendered":"10 -Liter -Schnellkochtopf"},"content":{"rendered":"<p style=\"text-align: center;\">Der Schnellkochtopf ist sicher, langlebig und ideal f\u00fcr die Zubereitung von H\u00fchnchen, Fleisch und Gem\u00fcse.<\/p>\n<h2 style=\"text-align: center;\">Kocher, Schnellkochtopf<\/h2>\n<h2 style=\"text-align: center;\">K\u00fcchenwerkzeuge und Zubeh\u00f6r<\/h2>\n<p style=\"text-align: center;\">Dampfkochtopf<\/p>\n<p style=\"text-align: center;\">Aleppo shop<\/p>\n<p style=\"text-align: center;\">Dampfkochtopf<\/p>\n<p style=\"text-align: center;\">\n","protected":false},"excerpt":{"rendered":"<p>Kocher, Schnellkochtopf<\/p>\n","protected":false},"featured_media":18754,"template":"","meta":[],"product_brand":[],"product_cat":[77],"product_tag":[],"class_list":{"0":"post-19303","1":"product","2":"type-product","3":"status-publish","4":"has-post-thumbnail","6":"product_cat-kuchenwerkzeuge-und-zubehor","8":"first","9":"outofstock","10":"taxable","11":"shipping-taxable","12":"purchasable","13":"product-type-simple"},"_links":{"self":[{"href":"https:\/\/alepposhop.eu\/de\/wp-json\/wp\/v2\/product\/19303"}],"collection":[{"href":"https:\/\/alepposhop.eu\/de\/wp-json\/wp\/v2\/product"}],"about":[{"href":"https:\/\/alepposhop.eu\/de\/wp-json\/wp\/v2\/types\/product"}],"wp:featuredmedia":[{"embeddable":true,"href":"https:\/\/alepposhop.eu\/de\/wp-json\/wp\/v2\/media\/18754"}],"wp:attachment":[{"href":"https:\/\/alepposhop.eu\/de\/wp-json\/wp\/v2\/media?parent=19303"}],"wp:term":[{"taxonomy":"product_brand","embeddable":true,"href":"https:\/\/alepposhop.eu\/de\/wp-json\/wp\/v2\/product_brand?post=19303"},{"taxonomy":"product_cat","embeddable":true,"href":"https:\/\/alepposhop.eu\/de\/wp-json\/wp\/v2\/product_cat?post=19303"},{"taxonomy":"product_tag","embeddable":true,"href":"https:\/\/alepposhop.eu\/de\/wp-json\/wp\/v2\/product_tag?post=19303"}],"curies":[{"name":"wp","href":"https:\/\/api.w.org\/{rel}","templated":true}]}}