{"id":19307,"date":"2022-04-23T04:09:26","date_gmt":"2022-04-23T02:39:34","guid":{"rendered":"https:\/\/alepposhop.eu\/nashed-mix-candy-1000-g\/"},"modified":"2022-05-10T13:37:26","modified_gmt":"2022-05-10T11:37:26","slug":"nashed-mix-candy-1000-g","status":"publish","type":"product","link":"https:\/\/alepposhop.eu\/de\/nashed-mix-candy-1000-g\/","title":{"rendered":"Nashed Mix Candy 1000 g"},"content":{"rendered":"<p style=\"text-align: center;\">Ein abwechslungsreicher Cocktail von Skaker appellierte an die k\u00f6stlichen und k\u00f6stlichen Br\u00fcder<\/p>\n<h2 style=\"text-align: center;\">Bonn Bon, S\u00fc\u00dfigkeiten, Gastfreundschaft, Eid<\/h2>\n<h2 style=\"text-align: center;\">W\u00f6chentliche Angebote<\/h2>\n<p style=\"text-align: center;\">Sakker<\/p>\n<p style=\"text-align: center;\">He appealed to brothers<\/p>\n<p style=\"text-align: center;\">Zucker, Aromen<\/p>\n<p style=\"text-align: center;\">\n","protected":false},"excerpt":{"rendered":"<p>Bonn Bon, S\u00fc\u00dfigkeiten, Gastfreundschaft, Eid<\/p>\n","protected":false},"featured_media":18758,"template":"","meta":[],"product_brand":[],"product_cat":[73],"product_tag":[3497,5879],"class_list":{"0":"post-19307","1":"product","2":"type-product","3":"status-publish","4":"has-post-thumbnail","6":"product_cat-bonbons-und-kekse","7":"product_tag-delights-de","8":"product_tag--de","10":"first","11":"instock","12":"taxable","13":"shipping-taxable","14":"purchasable","15":"product-type-simple"},"_links":{"self":[{"href":"https:\/\/alepposhop.eu\/de\/wp-json\/wp\/v2\/product\/19307"}],"collection":[{"href":"https:\/\/alepposhop.eu\/de\/wp-json\/wp\/v2\/product"}],"about":[{"href":"https:\/\/alepposhop.eu\/de\/wp-json\/wp\/v2\/types\/product"}],"wp:featuredmedia":[{"embeddable":true,"href":"https:\/\/alepposhop.eu\/de\/wp-json\/wp\/v2\/media\/18758"}],"wp:attachment":[{"href":"https:\/\/alepposhop.eu\/de\/wp-json\/wp\/v2\/media?parent=19307"}],"wp:term":[{"taxonomy":"product_brand","embeddable":true,"href":"https:\/\/alepposhop.eu\/de\/wp-json\/wp\/v2\/product_brand?post=19307"},{"taxonomy":"product_cat","embeddable":true,"href":"https:\/\/alepposhop.eu\/de\/wp-json\/wp\/v2\/product_cat?post=19307"},{"taxonomy":"product_tag","embeddable":true,"href":"https:\/\/alepposhop.eu\/de\/wp-json\/wp\/v2\/product_tag?post=19307"}],"curies":[{"name":"wp","href":"https:\/\/api.w.org\/{rel}","templated":true}]}}