{"id":19335,"date":"2022-04-23T04:10:24","date_gmt":"2022-04-23T02:40:40","guid":{"rendered":"https:\/\/alepposhop.eu\/istanbul-cake-schokolade\/"},"modified":"2022-04-23T04:40:50","modified_gmt":"2022-04-23T02:40:50","slug":"istanbul-cake-schokolade","status":"publish","type":"product","link":"https:\/\/alepposhop.eu\/de\/istanbul-cake-schokolade\/","title":{"rendered":"Istanbul Cake (Schokolade)"},"content":{"rendered":"<p style=\"text-align: center;\">Kokosnussteig mit Mandelp\u00fcree, luxuri\u00f6ser Gastfreundschaft f\u00fcr alle Gelegenheiten.<\/p>\n<h2 style=\"text-align: center;\">Istanbul -Kuchen, Schokolade, Mandel, Concot<\/h2>\n<h2 style=\"text-align: center;\">Orientalische S\u00fc\u00dfigkeiten<\/h2>\n<p style=\"text-align: center;\">Seltsam<\/p>\n<p style=\"text-align: center;\">Aleppo shop<\/p>\n<p style=\"text-align: center;\">Goldmandel, Zucker, Vanille, Eier<\/p>\n<p style=\"text-align: center;\">\n","protected":false},"excerpt":{"rendered":"<p>Istanbul -Kuchen, Schokolade, Mandel, Concot<\/p>\n","protected":false},"featured_media":18786,"template":"","meta":[],"product_brand":[],"product_cat":[72],"product_tag":[3498],"class_list":{"0":"post-19335","1":"product","2":"type-product","3":"status-publish","4":"has-post-thumbnail","6":"product_cat-orientalische-susigkeiten","7":"product_tag-chocolate-de","9":"first","10":"outofstock","11":"taxable","12":"shipping-taxable","13":"purchasable","14":"product-type-simple"},"_links":{"self":[{"href":"https:\/\/alepposhop.eu\/de\/wp-json\/wp\/v2\/product\/19335"}],"collection":[{"href":"https:\/\/alepposhop.eu\/de\/wp-json\/wp\/v2\/product"}],"about":[{"href":"https:\/\/alepposhop.eu\/de\/wp-json\/wp\/v2\/types\/product"}],"wp:featuredmedia":[{"embeddable":true,"href":"https:\/\/alepposhop.eu\/de\/wp-json\/wp\/v2\/media\/18786"}],"wp:attachment":[{"href":"https:\/\/alepposhop.eu\/de\/wp-json\/wp\/v2\/media?parent=19335"}],"wp:term":[{"taxonomy":"product_brand","embeddable":true,"href":"https:\/\/alepposhop.eu\/de\/wp-json\/wp\/v2\/product_brand?post=19335"},{"taxonomy":"product_cat","embeddable":true,"href":"https:\/\/alepposhop.eu\/de\/wp-json\/wp\/v2\/product_cat?post=19335"},{"taxonomy":"product_tag","embeddable":true,"href":"https:\/\/alepposhop.eu\/de\/wp-json\/wp\/v2\/product_tag?post=19335"}],"curies":[{"name":"wp","href":"https:\/\/api.w.org\/{rel}","templated":true}]}}