{"id":19347,"date":"2022-04-23T04:10:24","date_gmt":"2022-04-23T02:40:40","guid":{"rendered":"https:\/\/alepposhop.eu\/raha-finger-extra\/"},"modified":"2025-02-11T23:16:27","modified_gmt":"2025-02-11T22:16:27","slug":"raha-finger-extra","status":"publish","type":"product","link":"https:\/\/alepposhop.eu\/de\/raha-finger-extra\/","title":{"rendered":"(Deluxe Delight (Finger"},"content":{"rendered":"<p style=\"text-align: center\">Gewicht: 250 g<\/p>\n<p style=\"text-align: center\">Luxuri\u00f6ser Pistazienfinger-Komfort, eine luxuri\u00f6se Gastfreundschaft f\u00fcr alle Gelegenheiten und Feiertage<\/p>\n<p style=\"text-align: center\">\n","protected":false},"excerpt":{"rendered":"<p>Raha, Deluxe, Gastfreundschaft, Eid<\/p>\n","protected":false},"featured_media":18798,"template":"","meta":[],"product_brand":[],"product_cat":[72],"product_tag":[3497],"class_list":{"0":"post-19347","1":"product","2":"type-product","3":"status-publish","4":"has-post-thumbnail","6":"product_cat-orientalische-susigkeiten","7":"product_tag-delights-de","9":"first","10":"outofstock","11":"taxable","12":"shipping-taxable","13":"purchasable","14":"product-type-simple"},"_links":{"self":[{"href":"https:\/\/alepposhop.eu\/de\/wp-json\/wp\/v2\/product\/19347"}],"collection":[{"href":"https:\/\/alepposhop.eu\/de\/wp-json\/wp\/v2\/product"}],"about":[{"href":"https:\/\/alepposhop.eu\/de\/wp-json\/wp\/v2\/types\/product"}],"wp:featuredmedia":[{"embeddable":true,"href":"https:\/\/alepposhop.eu\/de\/wp-json\/wp\/v2\/media\/18798"}],"wp:attachment":[{"href":"https:\/\/alepposhop.eu\/de\/wp-json\/wp\/v2\/media?parent=19347"}],"wp:term":[{"taxonomy":"product_brand","embeddable":true,"href":"https:\/\/alepposhop.eu\/de\/wp-json\/wp\/v2\/product_brand?post=19347"},{"taxonomy":"product_cat","embeddable":true,"href":"https:\/\/alepposhop.eu\/de\/wp-json\/wp\/v2\/product_cat?post=19347"},{"taxonomy":"product_tag","embeddable":true,"href":"https:\/\/alepposhop.eu\/de\/wp-json\/wp\/v2\/product_tag?post=19347"}],"curies":[{"name":"wp","href":"https:\/\/api.w.org\/{rel}","templated":true}]}}