{"id":19355,"date":"2022-04-23T04:10:50","date_gmt":"2022-04-23T02:41:17","guid":{"rendered":"https:\/\/alepposhop.eu\/raha-von-deluxe-pilgrims\/"},"modified":"2025-02-12T00:46:39","modified_gmt":"2025-02-11T23:46:39","slug":"raha-von-deluxe-pilgrims","status":"publish","type":"product","link":"https:\/\/alepposhop.eu\/de\/raha-von-deluxe-pilgrims\/","title":{"rendered":"Deluxe Pilgrims Delight"},"content":{"rendered":"<p style=\"text-align: center\">Gewicht: 90 g<\/p>\n<p style=\"text-align: center\">Hadsch-Delight mit Pistazie, eine luxuri\u00f6se Gastfreundschaft, die bei der R\u00fcckkehr der Pilger vom Hadsch und zu allen Anl\u00e4ssen und Feiertagen serviert wird.<\/p>\n","protected":false},"excerpt":{"rendered":"<p>Raha, Pilger, Deluxe, Gastfreundschaft, Eid<\/p>\n","protected":false},"featured_media":18806,"template":"","meta":[],"product_brand":[],"product_cat":[72],"product_tag":[3496,3497],"class_list":{"0":"post-19355","1":"product","2":"type-product","3":"status-publish","4":"has-post-thumbnail","6":"product_cat-orientalische-susigkeiten","7":"product_tag-raha-de","8":"product_tag-delights-de","10":"first","11":"instock","12":"taxable","13":"shipping-taxable","14":"purchasable","15":"product-type-simple"},"_links":{"self":[{"href":"https:\/\/alepposhop.eu\/de\/wp-json\/wp\/v2\/product\/19355"}],"collection":[{"href":"https:\/\/alepposhop.eu\/de\/wp-json\/wp\/v2\/product"}],"about":[{"href":"https:\/\/alepposhop.eu\/de\/wp-json\/wp\/v2\/types\/product"}],"wp:featuredmedia":[{"embeddable":true,"href":"https:\/\/alepposhop.eu\/de\/wp-json\/wp\/v2\/media\/18806"}],"wp:attachment":[{"href":"https:\/\/alepposhop.eu\/de\/wp-json\/wp\/v2\/media?parent=19355"}],"wp:term":[{"taxonomy":"product_brand","embeddable":true,"href":"https:\/\/alepposhop.eu\/de\/wp-json\/wp\/v2\/product_brand?post=19355"},{"taxonomy":"product_cat","embeddable":true,"href":"https:\/\/alepposhop.eu\/de\/wp-json\/wp\/v2\/product_cat?post=19355"},{"taxonomy":"product_tag","embeddable":true,"href":"https:\/\/alepposhop.eu\/de\/wp-json\/wp\/v2\/product_tag?post=19355"}],"curies":[{"name":"wp","href":"https:\/\/api.w.org\/{rel}","templated":true}]}}