{"id":19383,"date":"2022-04-23T04:11:14","date_gmt":"2023-03-31T02:15:35","guid":{"rendered":"https:\/\/alepposhop.eu\/auberginenmarmelade\/"},"modified":"2026-02-27T00:17:26","modified_gmt":"2026-02-26T23:17:26","slug":"auberginenjam","status":"publish","type":"product","link":"https:\/\/alepposhop.eu\/de\/auberginenjam\/","title":{"rendered":"Mini Auberginejam"},"content":{"rendered":"<p style=\"text-align: center\">Gewicht: 500 g<\/p>\n<p style=\"text-align: center\">Leckere Auberginenjam gef\u00fcllt mit Waln\u00fcssen ist eine der ber\u00fchmtesten und leckersten Marmeladen in Syrien.<\/p>\n<p style=\"text-align: center\">Serviert zu Anl\u00e4ssen und Feiertagen<\/p>\n","protected":false},"excerpt":{"rendered":"<p>AuberginenJam, Waln\u00fcsse<\/p>\n","protected":false},"featured_media":18834,"template":"","meta":[],"product_brand":[],"product_cat":[72],"product_tag":[5533],"class_list":{"0":"post-19383","1":"product","2":"type-product","3":"status-publish","4":"has-post-thumbnail","6":"product_cat-orientalische-susigkeiten","7":"product_tag--de","9":"first","10":"instock","11":"taxable","12":"shipping-taxable","13":"purchasable","14":"product-type-simple"},"_links":{"self":[{"href":"https:\/\/alepposhop.eu\/de\/wp-json\/wp\/v2\/product\/19383"}],"collection":[{"href":"https:\/\/alepposhop.eu\/de\/wp-json\/wp\/v2\/product"}],"about":[{"href":"https:\/\/alepposhop.eu\/de\/wp-json\/wp\/v2\/types\/product"}],"wp:featuredmedia":[{"embeddable":true,"href":"https:\/\/alepposhop.eu\/de\/wp-json\/wp\/v2\/media\/18834"}],"wp:attachment":[{"href":"https:\/\/alepposhop.eu\/de\/wp-json\/wp\/v2\/media?parent=19383"}],"wp:term":[{"taxonomy":"product_brand","embeddable":true,"href":"https:\/\/alepposhop.eu\/de\/wp-json\/wp\/v2\/product_brand?post=19383"},{"taxonomy":"product_cat","embeddable":true,"href":"https:\/\/alepposhop.eu\/de\/wp-json\/wp\/v2\/product_cat?post=19383"},{"taxonomy":"product_tag","embeddable":true,"href":"https:\/\/alepposhop.eu\/de\/wp-json\/wp\/v2\/product_tag?post=19383"}],"curies":[{"name":"wp","href":"https:\/\/api.w.org\/{rel}","templated":true}]}}