{"id":19391,"date":"2022-04-23T04:11:50","date_gmt":"2022-04-23T02:42:26","guid":{"rendered":"https:\/\/alepposhop.eu\/cotten-candy-mit-pistazien-aleppo-stil\/"},"modified":"2022-04-23T04:42:27","modified_gmt":"2022-04-23T02:42:27","slug":"cotten-candy-mit-pistazien-aleppo-stil","status":"publish","type":"product","link":"https:\/\/alepposhop.eu\/de\/cotten-candy-mit-pistazien-aleppo-stil\/","title":{"rendered":"Cotten Candy mit Pistazien (Aleppo -Stil)"},"content":{"rendered":"<p style=\"text-align: center;\">Garnm\u00e4dchen mit Pistazien gilt als eine der ber\u00fchmtesten S\u00fc\u00dfigkeiten, die die Menschen seit der Antike bis zu unserer Zeit gegessen haben.<\/p>\n<h2 style=\"text-align: center;\">Garnm\u00e4dchen, Pistazien, Haare, S\u00fc\u00dfe<\/h2>\n<h2 style=\"text-align: center;\">Orientalische S\u00fc\u00dfigkeiten<\/h2>\n<p style=\"text-align: center;\">Garnm\u00e4dchen<\/p>\n<p style=\"text-align: center;\">Aleppo shop<\/p>\n<p style=\"text-align: center;\">Zucker, Pistazien, Weizenmehl<\/p>\n<p style=\"text-align: center;\">\n","protected":false},"excerpt":{"rendered":"<p>Garnm\u00e4dchen, Pistazien, Haare, S\u00fc\u00dfe<\/p>\n","protected":false},"featured_media":18842,"template":"","meta":[],"product_brand":[],"product_cat":[72],"product_tag":[],"class_list":{"0":"post-19391","1":"product","2":"type-product","3":"status-publish","4":"has-post-thumbnail","6":"product_cat-orientalische-susigkeiten","8":"first","9":"outofstock","10":"taxable","11":"shipping-taxable","12":"purchasable","13":"product-type-simple"},"_links":{"self":[{"href":"https:\/\/alepposhop.eu\/de\/wp-json\/wp\/v2\/product\/19391"}],"collection":[{"href":"https:\/\/alepposhop.eu\/de\/wp-json\/wp\/v2\/product"}],"about":[{"href":"https:\/\/alepposhop.eu\/de\/wp-json\/wp\/v2\/types\/product"}],"wp:featuredmedia":[{"embeddable":true,"href":"https:\/\/alepposhop.eu\/de\/wp-json\/wp\/v2\/media\/18842"}],"wp:attachment":[{"href":"https:\/\/alepposhop.eu\/de\/wp-json\/wp\/v2\/media?parent=19391"}],"wp:term":[{"taxonomy":"product_brand","embeddable":true,"href":"https:\/\/alepposhop.eu\/de\/wp-json\/wp\/v2\/product_brand?post=19391"},{"taxonomy":"product_cat","embeddable":true,"href":"https:\/\/alepposhop.eu\/de\/wp-json\/wp\/v2\/product_cat?post=19391"},{"taxonomy":"product_tag","embeddable":true,"href":"https:\/\/alepposhop.eu\/de\/wp-json\/wp\/v2\/product_tag?post=19391"}],"curies":[{"name":"wp","href":"https:\/\/api.w.org\/{rel}","templated":true}]}}