{"id":19443,"date":"2022-04-23T04:12:56","date_gmt":"2022-04-23T02:43:43","guid":{"rendered":"https:\/\/alepposhop.eu\/mosaikuhr\/"},"modified":"2024-05-06T09:52:23","modified_gmt":"2024-05-06T07:52:23","slug":"mosaikuhr","status":"publish","type":"product","link":"https:\/\/alepposhop.eu\/de\/mosaikuhr\/","title":{"rendered":"Mosaikuhr"},"content":{"rendered":"<p style=\"text-align: center\">Handgefertigte Mosaik-Wanduhr,<\/p>\n<p style=\"text-align: center\">Eines der orientalischen Traditionen, das die Sch\u00f6nheit, Atmosph\u00e4re, Br\u00e4uche und Traditionen der alten syrischen Umgebung widerspiegelt<\/p>\n<p style=\"text-align: center\">\n","protected":false},"excerpt":{"rendered":"<p>Orientalisch, Damascene, Mosaik, Erbe<\/p>\n","protected":false},"featured_media":18894,"template":"","meta":[],"product_brand":[],"product_cat":[80],"product_tag":[],"class_list":{"0":"post-19443","1":"product","2":"type-product","3":"status-publish","4":"has-post-thumbnail","6":"product_cat-hauswerkzeuge-und-zubehor","8":"first","9":"instock","10":"taxable","11":"shipping-taxable","12":"purchasable","13":"product-type-simple"},"_links":{"self":[{"href":"https:\/\/alepposhop.eu\/de\/wp-json\/wp\/v2\/product\/19443"}],"collection":[{"href":"https:\/\/alepposhop.eu\/de\/wp-json\/wp\/v2\/product"}],"about":[{"href":"https:\/\/alepposhop.eu\/de\/wp-json\/wp\/v2\/types\/product"}],"wp:featuredmedia":[{"embeddable":true,"href":"https:\/\/alepposhop.eu\/de\/wp-json\/wp\/v2\/media\/18894"}],"wp:attachment":[{"href":"https:\/\/alepposhop.eu\/de\/wp-json\/wp\/v2\/media?parent=19443"}],"wp:term":[{"taxonomy":"product_brand","embeddable":true,"href":"https:\/\/alepposhop.eu\/de\/wp-json\/wp\/v2\/product_brand?post=19443"},{"taxonomy":"product_cat","embeddable":true,"href":"https:\/\/alepposhop.eu\/de\/wp-json\/wp\/v2\/product_cat?post=19443"},{"taxonomy":"product_tag","embeddable":true,"href":"https:\/\/alepposhop.eu\/de\/wp-json\/wp\/v2\/product_tag?post=19443"}],"curies":[{"name":"wp","href":"https:\/\/api.w.org\/{rel}","templated":true}]}}