{"id":19463,"date":"2022-04-23T04:13:31","date_gmt":"2022-04-23T02:44:20","guid":{"rendered":"https:\/\/alepposhop.eu\/jelly-candy-mischen\/"},"modified":"2022-04-23T04:44:38","modified_gmt":"2022-04-23T02:44:38","slug":"jelly-candy-mischen","status":"publish","type":"product","link":"https:\/\/alepposhop.eu\/de\/jelly-candy-mischen\/","title":{"rendered":"Jelly Candy mischen"},"content":{"rendered":"<p style=\"text-align: center;\">K\u00f6stliche fruchtige Halal -Gelee -S\u00fc\u00dfigkeiten<\/p>\n<h2 style=\"text-align: center;\">S\u00fc\u00dfigkeiten, Gelatine, Gelee, Gummi,<\/h2>\n<h2 style=\"text-align: center;\">Bonbons und Kekse<\/h2>\n<p style=\"text-align: center;\">Gelatine<\/p>\n<p style=\"text-align: center;\">Aleppo shop<\/p>\n<p style=\"text-align: center;\">Gelatine Halal, Zucker, Aromen<\/p>\n<p style=\"text-align: center;\">\n","protected":false},"excerpt":{"rendered":"<p>S\u00fc\u00dfigkeiten, Gelatine, Gelee, Gummi,<\/p>\n","protected":false},"featured_media":18914,"template":"","meta":[],"product_brand":[],"product_cat":[73],"product_tag":[],"class_list":{"0":"post-19463","1":"product","2":"type-product","3":"status-publish","4":"has-post-thumbnail","6":"product_cat-bonbons-und-kekse","8":"first","9":"outofstock","10":"taxable","11":"shipping-taxable","12":"purchasable","13":"product-type-simple"},"_links":{"self":[{"href":"https:\/\/alepposhop.eu\/de\/wp-json\/wp\/v2\/product\/19463"}],"collection":[{"href":"https:\/\/alepposhop.eu\/de\/wp-json\/wp\/v2\/product"}],"about":[{"href":"https:\/\/alepposhop.eu\/de\/wp-json\/wp\/v2\/types\/product"}],"wp:featuredmedia":[{"embeddable":true,"href":"https:\/\/alepposhop.eu\/de\/wp-json\/wp\/v2\/media\/18914"}],"wp:attachment":[{"href":"https:\/\/alepposhop.eu\/de\/wp-json\/wp\/v2\/media?parent=19463"}],"wp:term":[{"taxonomy":"product_brand","embeddable":true,"href":"https:\/\/alepposhop.eu\/de\/wp-json\/wp\/v2\/product_brand?post=19463"},{"taxonomy":"product_cat","embeddable":true,"href":"https:\/\/alepposhop.eu\/de\/wp-json\/wp\/v2\/product_cat?post=19463"},{"taxonomy":"product_tag","embeddable":true,"href":"https:\/\/alepposhop.eu\/de\/wp-json\/wp\/v2\/product_tag?post=19463"}],"curies":[{"name":"wp","href":"https:\/\/api.w.org\/{rel}","templated":true}]}}