{"id":19475,"date":"2022-04-23T04:13:54","date_gmt":"2022-04-23T02:44:52","guid":{"rendered":"https:\/\/alepposhop.eu\/al-burj-parfuem\/"},"modified":"2022-04-23T04:45:00","modified_gmt":"2022-04-23T02:45:00","slug":"al-burj-parfuem","status":"publish","type":"product","link":"https:\/\/alepposhop.eu\/de\/al-burj-parfuem\/","title":{"rendered":"Al-Burj Parf\u00fcm"},"content":{"rendered":"<p style=\"text-align: center;\">Das urspr\u00fcngliche Al-Burj-Parf\u00fcm ist ein sch\u00f6nes franz\u00f6sisches Parf\u00fcm<\/p>\n<h2 style=\"text-align: center;\">Parf\u00fcm, Turm, Franz\u00f6sisch -Parf\u00fcm<\/h2>\n<h2 style=\"text-align: center;\">Bonbons und Kekse<\/h2>\n<p style=\"text-align: center;\">Parf\u00fcm<\/p>\n<p style=\"text-align: center;\">Karazeh<\/p>\n<p style=\"text-align: center;\">Essenes, Alkohol<\/p>\n<p style=\"text-align: center;\">\n","protected":false},"excerpt":{"rendered":"<p>Parf\u00fcm, Turm, Franz\u00f6sisch -Parf\u00fcm<\/p>\n","protected":false},"featured_media":18926,"template":"","meta":[],"product_brand":[],"product_cat":[75],"product_tag":[4583],"class_list":{"0":"post-19475","1":"product","2":"type-product","3":"status-publish","4":"has-post-thumbnail","6":"product_cat-schonheit-und-gesundheit","7":"product_tag--de","9":"first","10":"instock","11":"taxable","12":"shipping-taxable","13":"purchasable","14":"product-type-simple"},"_links":{"self":[{"href":"https:\/\/alepposhop.eu\/de\/wp-json\/wp\/v2\/product\/19475"}],"collection":[{"href":"https:\/\/alepposhop.eu\/de\/wp-json\/wp\/v2\/product"}],"about":[{"href":"https:\/\/alepposhop.eu\/de\/wp-json\/wp\/v2\/types\/product"}],"wp:featuredmedia":[{"embeddable":true,"href":"https:\/\/alepposhop.eu\/de\/wp-json\/wp\/v2\/media\/18926"}],"wp:attachment":[{"href":"https:\/\/alepposhop.eu\/de\/wp-json\/wp\/v2\/media?parent=19475"}],"wp:term":[{"taxonomy":"product_brand","embeddable":true,"href":"https:\/\/alepposhop.eu\/de\/wp-json\/wp\/v2\/product_brand?post=19475"},{"taxonomy":"product_cat","embeddable":true,"href":"https:\/\/alepposhop.eu\/de\/wp-json\/wp\/v2\/product_cat?post=19475"},{"taxonomy":"product_tag","embeddable":true,"href":"https:\/\/alepposhop.eu\/de\/wp-json\/wp\/v2\/product_tag?post=19475"}],"curies":[{"name":"wp","href":"https:\/\/api.w.org\/{rel}","templated":true}]}}