{"id":19491,"date":"2022-04-23T04:14:29","date_gmt":"2023-03-31T02:15:35","guid":{"rendered":"https:\/\/alepposhop.eu\/aprikosenmarmelade\/"},"modified":"2026-03-06T03:33:57","modified_gmt":"2026-03-06T02:33:57","slug":"aprikosenjam-ganz-stueck","status":"publish","type":"product","link":"https:\/\/alepposhop.eu\/de\/aprikosenjam-ganz-stueck\/","title":{"rendered":"Aprikosenjam (ganz st\u00fcck)"},"content":{"rendered":"<p style=\"text-align: center\">Gewicht: 500 g<\/p>\n<p style=\"text-align: center\">Aprikosenjam geh\u00f6rt zu den leckeren Marmeladen, die auf dem Fr\u00fchst\u00fcckstisch nicht fehlen d\u00fcrfen<\/p>\n","protected":false},"excerpt":{"rendered":"<p>Jam, Aprikose, Jam, hand gemacht<\/p>\n","protected":false},"featured_media":18942,"template":"","meta":[],"product_brand":[],"product_cat":[67],"product_tag":[5482],"class_list":{"0":"post-19491","1":"product","2":"type-product","3":"status-publish","4":"has-post-thumbnail","6":"product_cat-fruhstuck","7":"product_tag--de","9":"first","10":"instock","11":"taxable","12":"shipping-taxable","13":"purchasable","14":"product-type-simple"},"_links":{"self":[{"href":"https:\/\/alepposhop.eu\/de\/wp-json\/wp\/v2\/product\/19491"}],"collection":[{"href":"https:\/\/alepposhop.eu\/de\/wp-json\/wp\/v2\/product"}],"about":[{"href":"https:\/\/alepposhop.eu\/de\/wp-json\/wp\/v2\/types\/product"}],"wp:featuredmedia":[{"embeddable":true,"href":"https:\/\/alepposhop.eu\/de\/wp-json\/wp\/v2\/media\/18942"}],"wp:attachment":[{"href":"https:\/\/alepposhop.eu\/de\/wp-json\/wp\/v2\/media?parent=19491"}],"wp:term":[{"taxonomy":"product_brand","embeddable":true,"href":"https:\/\/alepposhop.eu\/de\/wp-json\/wp\/v2\/product_brand?post=19491"},{"taxonomy":"product_cat","embeddable":true,"href":"https:\/\/alepposhop.eu\/de\/wp-json\/wp\/v2\/product_cat?post=19491"},{"taxonomy":"product_tag","embeddable":true,"href":"https:\/\/alepposhop.eu\/de\/wp-json\/wp\/v2\/product_tag?post=19491"}],"curies":[{"name":"wp","href":"https:\/\/api.w.org\/{rel}","templated":true}]}}