{"id":19499,"date":"2022-04-23T04:14:29","date_gmt":"2022-04-23T02:45:33","guid":{"rendered":"https:\/\/alepposhop.eu\/saloura-arabisch-suess-1200g\/"},"modified":"2022-05-10T13:37:38","modified_gmt":"2022-05-10T11:37:38","slug":"saloura-arabisch-suess-1200g","status":"publish","type":"product","link":"https:\/\/alepposhop.eu\/de\/saloura-arabisch-suess-1200g\/","title":{"rendered":"Saloura arabisch s\u00fc\u00df 1200g"},"content":{"rendered":"<p style=\"text-align: center;\">S\u00fc\u00df mit arabischer Ghee und Pistazien geh\u00f6ren zu den besten Arten von Aleppo -S\u00fc\u00dfigkeiten in den ber\u00fchmten Saloura -L\u00e4den<\/p>\n<h2 style=\"text-align: center;\">S\u00fc\u00dfes, S\u00fc\u00dfigkeiten, s\u00fc\u00dfer Araber, Mix, orientalische S\u00fc\u00dfigkeiten, Arabische Ghee, Saloura<\/h2>\n<h2 style=\"text-align: center;\">Orientalische S\u00fc\u00dfigkeiten<\/h2>\n<p style=\"text-align: center;\">Arabisch s\u00fc\u00df<\/p>\n<p style=\"text-align: center;\">Salloura<\/p>\n<p style=\"text-align: center;\">Pistazie, Zucker, arabisches Ghee<\/p>\n<p style=\"text-align: center;\">\n","protected":false},"excerpt":{"rendered":"<p>S\u00fc\u00dfes, S\u00fc\u00dfigkeiten, s\u00fc\u00dfer Araber, Mix, orientalische S\u00fc\u00dfigkeiten, Arabische Ghee, Saloura<\/p>\n","protected":false},"featured_media":18950,"template":"","meta":[],"product_brand":[],"product_cat":[72],"product_tag":[],"class_list":{"0":"post-19499","1":"product","2":"type-product","3":"status-publish","4":"has-post-thumbnail","6":"product_cat-orientalische-susigkeiten","8":"first","9":"outofstock","10":"taxable","11":"shipping-taxable","12":"purchasable","13":"product-type-simple"},"_links":{"self":[{"href":"https:\/\/alepposhop.eu\/de\/wp-json\/wp\/v2\/product\/19499"}],"collection":[{"href":"https:\/\/alepposhop.eu\/de\/wp-json\/wp\/v2\/product"}],"about":[{"href":"https:\/\/alepposhop.eu\/de\/wp-json\/wp\/v2\/types\/product"}],"wp:featuredmedia":[{"embeddable":true,"href":"https:\/\/alepposhop.eu\/de\/wp-json\/wp\/v2\/media\/18950"}],"wp:attachment":[{"href":"https:\/\/alepposhop.eu\/de\/wp-json\/wp\/v2\/media?parent=19499"}],"wp:term":[{"taxonomy":"product_brand","embeddable":true,"href":"https:\/\/alepposhop.eu\/de\/wp-json\/wp\/v2\/product_brand?post=19499"},{"taxonomy":"product_cat","embeddable":true,"href":"https:\/\/alepposhop.eu\/de\/wp-json\/wp\/v2\/product_cat?post=19499"},{"taxonomy":"product_tag","embeddable":true,"href":"https:\/\/alepposhop.eu\/de\/wp-json\/wp\/v2\/product_tag?post=19499"}],"curies":[{"name":"wp","href":"https:\/\/api.w.org\/{rel}","templated":true}]}}