{"id":19503,"date":"2022-04-23T04:14:29","date_gmt":"2022-04-23T02:45:33","guid":{"rendered":"https:\/\/alepposhop.eu\/saloura-gemischt-nawashif-500-g\/"},"modified":"2022-05-10T13:37:38","modified_gmt":"2022-05-10T11:37:38","slug":"saloura-gemischt-nawashif-500-g","status":"publish","type":"product","link":"https:\/\/alepposhop.eu\/de\/saloura-gemischt-nawashif-500-g\/","title":{"rendered":"Saloura gemischt (Nawashif) 500 g"},"content":{"rendered":"<p style=\"text-align: center;\">Nawashif mit arabischem Ghee ist eine der besten Arten von Geb\u00e4ck in den ber\u00fchmten Saloura -L\u00e4den<\/p>\n<h2 style=\"text-align: center;\">Maamoul, Nuss, Pistazien, Saloura, gef\u00fcllt, Daten<\/h2>\n<h2 style=\"text-align: center;\">Orientalische S\u00fc\u00dfigkeiten<\/h2>\n<p style=\"text-align: center;\">Nawashif<\/p>\n<p style=\"text-align: center;\">Salloura<\/p>\n<p style=\"text-align: center;\">Mehl, Pistazien, Zucker, arabisches Ghee, Nuss, Daten<\/p>\n<p style=\"text-align: center;\">\n","protected":false},"excerpt":{"rendered":"<p>Maamoul, Nuss, Pistazien, Saloura, gef\u00fcllt, Daten<\/p>\n","protected":false},"featured_media":19832,"template":"","meta":[],"product_brand":[],"product_cat":[72],"product_tag":[5533],"class_list":{"0":"post-19503","1":"product","2":"type-product","3":"status-publish","4":"has-post-thumbnail","6":"product_cat-orientalische-susigkeiten","7":"product_tag--de","9":"first","10":"outofstock","11":"taxable","12":"shipping-taxable","13":"purchasable","14":"product-type-simple"},"_links":{"self":[{"href":"https:\/\/alepposhop.eu\/de\/wp-json\/wp\/v2\/product\/19503"}],"collection":[{"href":"https:\/\/alepposhop.eu\/de\/wp-json\/wp\/v2\/product"}],"about":[{"href":"https:\/\/alepposhop.eu\/de\/wp-json\/wp\/v2\/types\/product"}],"wp:featuredmedia":[{"embeddable":true,"href":"https:\/\/alepposhop.eu\/de\/wp-json\/wp\/v2\/media\/19832"}],"wp:attachment":[{"href":"https:\/\/alepposhop.eu\/de\/wp-json\/wp\/v2\/media?parent=19503"}],"wp:term":[{"taxonomy":"product_brand","embeddable":true,"href":"https:\/\/alepposhop.eu\/de\/wp-json\/wp\/v2\/product_brand?post=19503"},{"taxonomy":"product_cat","embeddable":true,"href":"https:\/\/alepposhop.eu\/de\/wp-json\/wp\/v2\/product_cat?post=19503"},{"taxonomy":"product_tag","embeddable":true,"href":"https:\/\/alepposhop.eu\/de\/wp-json\/wp\/v2\/product_tag?post=19503"}],"curies":[{"name":"wp","href":"https:\/\/api.w.org\/{rel}","templated":true}]}}