{"id":19507,"date":"2022-04-23T04:14:29","date_gmt":"2022-04-23T02:45:33","guid":{"rendered":"https:\/\/alepposhop.eu\/saloura-maamoul-mit-daten\/"},"modified":"2022-05-10T13:37:27","modified_gmt":"2022-05-10T11:37:27","slug":"saloura-maamoul-mit-daten","status":"publish","type":"product","link":"https:\/\/alepposhop.eu\/de\/saloura-maamoul-mit-daten\/","title":{"rendered":"Saloura Maamoul mit Daten"},"content":{"rendered":"<p style=\"text-align: center;\">Maamoul mit Daten aus dem besten Geb\u00e4ck in den ber\u00fchmten Saloura -L\u00e4den gestopft<\/p>\n<h2 style=\"text-align: center;\">Maamoul, Daten, s\u00fc\u00dfe Arabisch, orientalische S\u00fc\u00dfigkeiten, arabisches Ghee, Saloura<\/h2>\n<h2 style=\"text-align: center;\">Orientalische S\u00fc\u00dfigkeiten<\/h2>\n<p style=\"text-align: center;\">Maamoul<\/p>\n<p style=\"text-align: center;\">Salloura<\/p>\n<p style=\"text-align: center;\">Mehl, arabisches Ghee, Daten<\/p>\n<p style=\"text-align: center;\">\n","protected":false},"excerpt":{"rendered":"<p>Maamoul, Daten, s\u00fc\u00dfe Arabisch, orientalische S\u00fc\u00dfigkeiten, arabisches Ghee, Saloura<\/p>\n","protected":false},"featured_media":18958,"template":"","meta":[],"product_brand":[],"product_cat":[72],"product_tag":[],"class_list":{"0":"post-19507","1":"product","2":"type-product","3":"status-publish","4":"has-post-thumbnail","6":"product_cat-orientalische-susigkeiten","8":"first","9":"outofstock","10":"taxable","11":"shipping-taxable","12":"purchasable","13":"product-type-simple"},"_links":{"self":[{"href":"https:\/\/alepposhop.eu\/de\/wp-json\/wp\/v2\/product\/19507"}],"collection":[{"href":"https:\/\/alepposhop.eu\/de\/wp-json\/wp\/v2\/product"}],"about":[{"href":"https:\/\/alepposhop.eu\/de\/wp-json\/wp\/v2\/types\/product"}],"wp:featuredmedia":[{"embeddable":true,"href":"https:\/\/alepposhop.eu\/de\/wp-json\/wp\/v2\/media\/18958"}],"wp:attachment":[{"href":"https:\/\/alepposhop.eu\/de\/wp-json\/wp\/v2\/media?parent=19507"}],"wp:term":[{"taxonomy":"product_brand","embeddable":true,"href":"https:\/\/alepposhop.eu\/de\/wp-json\/wp\/v2\/product_brand?post=19507"},{"taxonomy":"product_cat","embeddable":true,"href":"https:\/\/alepposhop.eu\/de\/wp-json\/wp\/v2\/product_cat?post=19507"},{"taxonomy":"product_tag","embeddable":true,"href":"https:\/\/alepposhop.eu\/de\/wp-json\/wp\/v2\/product_tag?post=19507"}],"curies":[{"name":"wp","href":"https:\/\/api.w.org\/{rel}","templated":true}]}}