{"id":19511,"date":"2022-04-23T04:14:58","date_gmt":"2022-04-23T02:46:23","guid":{"rendered":"https:\/\/alepposhop.eu\/saloura-traboulsi-maamoul-mit-pistazien\/"},"modified":"2022-05-10T13:37:27","modified_gmt":"2022-05-10T11:37:27","slug":"saloura-traboulsi-maamoul-mit-pistazien","status":"publish","type":"product","link":"https:\/\/alepposhop.eu\/de\/saloura-traboulsi-maamoul-mit-pistazien\/","title":{"rendered":"Saloura Traboulsi Maamoul mit Pistazien"},"content":{"rendered":"<p style=\"text-align: center;\">Maamoul mit Daten aus dem besten Geb\u00e4ck in den ber\u00fchmten Saloura -L\u00e4den gestopft<\/p>\n<h2 style=\"text-align: center;\">Maamoul, Pistazie, s\u00fc\u00dfes Arabisch, orientalische S\u00fc\u00dfigkeiten, arabisches Ghee, Saloura<\/h2>\n<h2 style=\"text-align: center;\">Orientalische S\u00fc\u00dfigkeiten<\/h2>\n<p style=\"text-align: center;\">Maamoul<\/p>\n<p style=\"text-align: center;\">Salloura<\/p>\n<p style=\"text-align: center;\">Mehl, arabisches Ghee, Pistazien<\/p>\n<p style=\"text-align: center;\">\n","protected":false},"excerpt":{"rendered":"<p>Maamoul, Pistazie, s\u00fc\u00dfes Arabisch, orientalische S\u00fc\u00dfigkeiten, arabisches Ghee, Saloura<\/p>\n","protected":false},"featured_media":18962,"template":"","meta":[],"product_brand":[],"product_cat":[72],"product_tag":[],"class_list":{"0":"post-19511","1":"product","2":"type-product","3":"status-publish","4":"has-post-thumbnail","6":"product_cat-orientalische-susigkeiten","8":"first","9":"outofstock","10":"taxable","11":"shipping-taxable","12":"purchasable","13":"product-type-simple"},"_links":{"self":[{"href":"https:\/\/alepposhop.eu\/de\/wp-json\/wp\/v2\/product\/19511"}],"collection":[{"href":"https:\/\/alepposhop.eu\/de\/wp-json\/wp\/v2\/product"}],"about":[{"href":"https:\/\/alepposhop.eu\/de\/wp-json\/wp\/v2\/types\/product"}],"wp:featuredmedia":[{"embeddable":true,"href":"https:\/\/alepposhop.eu\/de\/wp-json\/wp\/v2\/media\/18962"}],"wp:attachment":[{"href":"https:\/\/alepposhop.eu\/de\/wp-json\/wp\/v2\/media?parent=19511"}],"wp:term":[{"taxonomy":"product_brand","embeddable":true,"href":"https:\/\/alepposhop.eu\/de\/wp-json\/wp\/v2\/product_brand?post=19511"},{"taxonomy":"product_cat","embeddable":true,"href":"https:\/\/alepposhop.eu\/de\/wp-json\/wp\/v2\/product_cat?post=19511"},{"taxonomy":"product_tag","embeddable":true,"href":"https:\/\/alepposhop.eu\/de\/wp-json\/wp\/v2\/product_tag?post=19511"}],"curies":[{"name":"wp","href":"https:\/\/api.w.org\/{rel}","templated":true}]}}