{"id":19515,"date":"2022-04-23T04:14:58","date_gmt":"2022-04-23T02:46:23","guid":{"rendered":"https:\/\/alepposhop.eu\/saloura-baklava-swar-el-sit\/"},"modified":"2022-05-10T13:37:27","modified_gmt":"2022-05-10T11:37:27","slug":"saloura-baklava-swar-el-sit","status":"publish","type":"product","link":"https:\/\/alepposhop.eu\/de\/saloura-baklava-swar-el-sit\/","title":{"rendered":"Saloura Baklava Swar El Sit"},"content":{"rendered":"<p style=\"text-align: center;\">Saloura Baklava Swar El sitzen mit Pistazien und arabischem Ghee aus dem ber\u00fchmten Saloura Store<\/p>\n<h2 style=\"text-align: center;\">Saloura Baklava, s\u00fc\u00dfes Arabisch, s\u00fc\u00dfes Orientaler, Saloura, Arabisch -Ghee<\/h2>\n<h2 style=\"text-align: center;\">Orientalische S\u00fc\u00dfigkeiten<\/h2>\n<p style=\"text-align: center;\">Baklava<\/p>\n<p style=\"text-align: center;\">Salloura<\/p>\n<p style=\"text-align: center;\">Weizenmehl, arabisches Ghee, Zucker, Pistazien<\/p>\n<p style=\"text-align: center;\">\n","protected":false},"excerpt":{"rendered":"<p>Saloura Baklava, s\u00fc\u00dfes Arabisch, s\u00fc\u00dfes Orientaler, Saloura, Arabisch -Ghee<\/p>\n","protected":false},"featured_media":18966,"template":"","meta":[],"product_brand":[],"product_cat":[72],"product_tag":[],"class_list":{"0":"post-19515","1":"product","2":"type-product","3":"status-publish","4":"has-post-thumbnail","6":"product_cat-orientalische-susigkeiten","8":"first","9":"outofstock","10":"taxable","11":"shipping-taxable","12":"purchasable","13":"product-type-simple"},"_links":{"self":[{"href":"https:\/\/alepposhop.eu\/de\/wp-json\/wp\/v2\/product\/19515"}],"collection":[{"href":"https:\/\/alepposhop.eu\/de\/wp-json\/wp\/v2\/product"}],"about":[{"href":"https:\/\/alepposhop.eu\/de\/wp-json\/wp\/v2\/types\/product"}],"wp:featuredmedia":[{"embeddable":true,"href":"https:\/\/alepposhop.eu\/de\/wp-json\/wp\/v2\/media\/18966"}],"wp:attachment":[{"href":"https:\/\/alepposhop.eu\/de\/wp-json\/wp\/v2\/media?parent=19515"}],"wp:term":[{"taxonomy":"product_brand","embeddable":true,"href":"https:\/\/alepposhop.eu\/de\/wp-json\/wp\/v2\/product_brand?post=19515"},{"taxonomy":"product_cat","embeddable":true,"href":"https:\/\/alepposhop.eu\/de\/wp-json\/wp\/v2\/product_cat?post=19515"},{"taxonomy":"product_tag","embeddable":true,"href":"https:\/\/alepposhop.eu\/de\/wp-json\/wp\/v2\/product_tag?post=19515"}],"curies":[{"name":"wp","href":"https:\/\/api.w.org\/{rel}","templated":true}]}}