{"id":19523,"date":"2022-04-23T04:14:58","date_gmt":"2022-04-23T02:46:23","guid":{"rendered":"https:\/\/alepposhop.eu\/saloura-barazik-extra\/"},"modified":"2022-05-10T13:37:27","modified_gmt":"2022-05-10T11:37:27","slug":"saloura-barazik-extra","status":"publish","type":"product","link":"https:\/\/alepposhop.eu\/de\/saloura-barazik-extra\/","title":{"rendered":"Saloura barazik extra"},"content":{"rendered":"<p style=\"text-align: center;\">Al-Baraziq ist eine der ber\u00fchmtesten Arten von S\u00fc\u00dfigkeiten syrischer Herkunft, die durch den reichen und knusprigen Geschmack des Sesams gekennzeichnet sind<\/p>\n<h2 style=\"text-align: center;\">Brazak, Extra, Pistazie, Eid, Gastfreundschaft, arabisches Ghee<\/h2>\n<h2 style=\"text-align: center;\">Orientalische S\u00fc\u00dfigkeiten<\/h2>\n<p style=\"text-align: center;\">Barazik<\/p>\n<p style=\"text-align: center;\">Salloura<\/p>\n<p style=\"text-align: center;\">Mehl, Sesam, Pistazien, arabisches Ghee, Zucker<\/p>\n<p style=\"text-align: center;\">\n","protected":false},"excerpt":{"rendered":"<p>Brazak, Extra, Pistazie, Eid, Gastfreundschaft, arabisches Ghee<\/p>\n","protected":false},"featured_media":18974,"template":"","meta":[],"product_brand":[],"product_cat":[72],"product_tag":[3497],"class_list":{"0":"post-19523","1":"product","2":"type-product","3":"status-publish","4":"has-post-thumbnail","6":"product_cat-orientalische-susigkeiten","7":"product_tag-delights-de","9":"first","10":"outofstock","11":"taxable","12":"shipping-taxable","13":"purchasable","14":"product-type-simple"},"_links":{"self":[{"href":"https:\/\/alepposhop.eu\/de\/wp-json\/wp\/v2\/product\/19523"}],"collection":[{"href":"https:\/\/alepposhop.eu\/de\/wp-json\/wp\/v2\/product"}],"about":[{"href":"https:\/\/alepposhop.eu\/de\/wp-json\/wp\/v2\/types\/product"}],"wp:featuredmedia":[{"embeddable":true,"href":"https:\/\/alepposhop.eu\/de\/wp-json\/wp\/v2\/media\/18974"}],"wp:attachment":[{"href":"https:\/\/alepposhop.eu\/de\/wp-json\/wp\/v2\/media?parent=19523"}],"wp:term":[{"taxonomy":"product_brand","embeddable":true,"href":"https:\/\/alepposhop.eu\/de\/wp-json\/wp\/v2\/product_brand?post=19523"},{"taxonomy":"product_cat","embeddable":true,"href":"https:\/\/alepposhop.eu\/de\/wp-json\/wp\/v2\/product_cat?post=19523"},{"taxonomy":"product_tag","embeddable":true,"href":"https:\/\/alepposhop.eu\/de\/wp-json\/wp\/v2\/product_tag?post=19523"}],"curies":[{"name":"wp","href":"https:\/\/api.w.org\/{rel}","templated":true}]}}