{"id":19543,"date":"2022-04-23T04:15:33","date_gmt":"2022-04-23T02:47:02","guid":{"rendered":"https:\/\/alepposhop.eu\/alfakher-kuchen\/"},"modified":"2022-04-23T04:47:25","modified_gmt":"2022-04-23T02:47:25","slug":"alfakher-kuchen","status":"publish","type":"product","link":"https:\/\/alepposhop.eu\/de\/alfakher-kuchen\/","title":{"rendered":"Alfakher -Kuchen"},"content":{"rendered":"<p style=\"text-align: center;\">K\u00f6stlicher und spr\u00f6der Kuchen mit Vanillegeschmack<\/p>\n<h2 style=\"text-align: center;\">Nehmen, Zecken, Cupcake, Kuchenkuchen, Luxus, S\u00fc\u00dfigkeiten, Geb\u00e4ck<\/h2>\n<h2 style=\"text-align: center;\">Orientalische S\u00fc\u00dfigkeiten<\/h2>\n<p style=\"text-align: center;\">Geb\u00e4ck<\/p>\n<p style=\"text-align: center;\">Alfakher<\/p>\n<p style=\"text-align: center;\">Zucker, Mehl, Eier, Milch<\/p>\n<p style=\"text-align: center;\">\n","protected":false},"excerpt":{"rendered":"<p>Nehmen, Zecken, Cupcake, Kuchenkuchen, Luxus, S\u00fc\u00dfigkeiten, Geb\u00e4ck<\/p>\n","protected":false},"featured_media":18994,"template":"","meta":[],"product_brand":[],"product_cat":[73],"product_tag":[],"class_list":{"0":"post-19543","1":"product","2":"type-product","3":"status-publish","4":"has-post-thumbnail","6":"product_cat-bonbons-und-kekse","8":"first","9":"outofstock","10":"taxable","11":"shipping-taxable","12":"purchasable","13":"product-type-simple"},"_links":{"self":[{"href":"https:\/\/alepposhop.eu\/de\/wp-json\/wp\/v2\/product\/19543"}],"collection":[{"href":"https:\/\/alepposhop.eu\/de\/wp-json\/wp\/v2\/product"}],"about":[{"href":"https:\/\/alepposhop.eu\/de\/wp-json\/wp\/v2\/types\/product"}],"wp:featuredmedia":[{"embeddable":true,"href":"https:\/\/alepposhop.eu\/de\/wp-json\/wp\/v2\/media\/18994"}],"wp:attachment":[{"href":"https:\/\/alepposhop.eu\/de\/wp-json\/wp\/v2\/media?parent=19543"}],"wp:term":[{"taxonomy":"product_brand","embeddable":true,"href":"https:\/\/alepposhop.eu\/de\/wp-json\/wp\/v2\/product_brand?post=19543"},{"taxonomy":"product_cat","embeddable":true,"href":"https:\/\/alepposhop.eu\/de\/wp-json\/wp\/v2\/product_cat?post=19543"},{"taxonomy":"product_tag","embeddable":true,"href":"https:\/\/alepposhop.eu\/de\/wp-json\/wp\/v2\/product_tag?post=19543"}],"curies":[{"name":"wp","href":"https:\/\/api.w.org\/{rel}","templated":true}]}}