{"id":19655,"date":"2022-04-24T15:56:19","date_gmt":"2022-04-24T13:56:19","guid":{"rendered":"https:\/\/alepposhop.eu\/19655\/"},"modified":"2022-05-10T13:37:27","modified_gmt":"2022-05-10T11:37:27","slug":"saloura-mabrouma-mit-pistazien","status":"publish","type":"product","link":"https:\/\/alepposhop.eu\/de\/saloura-mabrouma-mit-pistazien\/","title":{"rendered":"Saloura Mabrouma mit Pistazien"},"content":{"rendered":"","protected":false},"excerpt":{"rendered":"<p>Arabische S\u00fc\u00dfigkeit, Salora, arabisches Ghee, S\u00fc\u00dfigkeiten,<\/p>\n","protected":false},"featured_media":19651,"template":"","meta":[],"product_brand":[],"product_cat":[72],"product_tag":[],"class_list":{"0":"post-19655","1":"product","2":"type-product","3":"status-publish","4":"has-post-thumbnail","6":"product_cat-orientalische-susigkeiten","8":"first","9":"outofstock","10":"taxable","11":"shipping-taxable","12":"purchasable","13":"product-type-simple"},"_links":{"self":[{"href":"https:\/\/alepposhop.eu\/de\/wp-json\/wp\/v2\/product\/19655"}],"collection":[{"href":"https:\/\/alepposhop.eu\/de\/wp-json\/wp\/v2\/product"}],"about":[{"href":"https:\/\/alepposhop.eu\/de\/wp-json\/wp\/v2\/types\/product"}],"wp:featuredmedia":[{"embeddable":true,"href":"https:\/\/alepposhop.eu\/de\/wp-json\/wp\/v2\/media\/19651"}],"wp:attachment":[{"href":"https:\/\/alepposhop.eu\/de\/wp-json\/wp\/v2\/media?parent=19655"}],"wp:term":[{"taxonomy":"product_brand","embeddable":true,"href":"https:\/\/alepposhop.eu\/de\/wp-json\/wp\/v2\/product_brand?post=19655"},{"taxonomy":"product_cat","embeddable":true,"href":"https:\/\/alepposhop.eu\/de\/wp-json\/wp\/v2\/product_cat?post=19655"},{"taxonomy":"product_tag","embeddable":true,"href":"https:\/\/alepposhop.eu\/de\/wp-json\/wp\/v2\/product_tag?post=19655"}],"curies":[{"name":"wp","href":"https:\/\/api.w.org\/{rel}","templated":true}]}}