{"id":22613,"date":"2023-01-25T18:35:10","date_gmt":"2023-01-25T18:02:01","guid":{"rendered":"https:\/\/alepposhop.eu\/fladenbrot-bread\/"},"modified":"2025-02-13T22:35:28","modified_gmt":"2025-02-13T21:35:28","slug":"fladenbrot-bread","status":"publish","type":"product","link":"https:\/\/alepposhop.eu\/de\/fladenbrot-bread\/","title":{"rendered":"Fladenbrot Bread"},"content":{"rendered":"<p style=\"text-align: center\">Wei\u00dfbrot, um leckere Sandwiches zuzubereiten (Der Betrag wird zur\u00fcckerstattet, wenn das Brot besch\u00e4digt ankommt)<\/p>\n<p style=\"text-align: center\">\n<p style=\"text-align: center\">\n","protected":false},"excerpt":{"rendered":"<p>Brot, mehl,fladenbrot<\/p>\n","protected":false},"featured_media":22068,"template":"","meta":[],"product_brand":[],"product_cat":[2355],"product_tag":[],"class_list":{"0":"post-22613","1":"product","2":"type-product","3":"status-publish","4":"has-post-thumbnail","6":"product_cat-konserven","8":"first","9":"instock","10":"sold-individually","11":"taxable","12":"shipping-taxable","13":"purchasable","14":"product-type-variable","15":"has-default-attributes"},"_links":{"self":[{"href":"https:\/\/alepposhop.eu\/de\/wp-json\/wp\/v2\/product\/22613"}],"collection":[{"href":"https:\/\/alepposhop.eu\/de\/wp-json\/wp\/v2\/product"}],"about":[{"href":"https:\/\/alepposhop.eu\/de\/wp-json\/wp\/v2\/types\/product"}],"wp:featuredmedia":[{"embeddable":true,"href":"https:\/\/alepposhop.eu\/de\/wp-json\/wp\/v2\/media\/22068"}],"wp:attachment":[{"href":"https:\/\/alepposhop.eu\/de\/wp-json\/wp\/v2\/media?parent=22613"}],"wp:term":[{"taxonomy":"product_brand","embeddable":true,"href":"https:\/\/alepposhop.eu\/de\/wp-json\/wp\/v2\/product_brand?post=22613"},{"taxonomy":"product_cat","embeddable":true,"href":"https:\/\/alepposhop.eu\/de\/wp-json\/wp\/v2\/product_cat?post=22613"},{"taxonomy":"product_tag","embeddable":true,"href":"https:\/\/alepposhop.eu\/de\/wp-json\/wp\/v2\/product_tag?post=22613"}],"curies":[{"name":"wp","href":"https:\/\/api.w.org\/{rel}","templated":true}]}}