{"id":22649,"date":"2023-01-25T18:35:10","date_gmt":"2023-01-25T18:02:01","guid":{"rendered":"https:\/\/alepposhop.eu\/shtoura-dattelmelasse\/"},"modified":"2023-01-25T19:02:41","modified_gmt":"2023-01-25T18:02:41","slug":"shtoura-dattelmelasse","status":"publish","type":"product","link":"https:\/\/alepposhop.eu\/de\/shtoura-dattelmelasse\/","title":{"rendered":"shtoura Dattelmelasse"},"content":{"rendered":"<p style=\"text-align: center;\">Dattelmelasse ist eine k\u00f6stliche Mahlzeit zum Fr\u00fchst\u00fcck<\/p>\n<h2 style=\"text-align: center;\">Dateln molasses<\/h2>\n<h2 style=\"text-align: center;\">Konserven<\/h2>\n<p style=\"text-align: center;\">Melasse<\/p>\n<p style=\"text-align: center;\">Chatoura Garden<\/p>\n<p style=\"text-align: center;\">Dattelmelasse<\/p>\n<p style=\"text-align: center;\">\n","protected":false},"excerpt":{"rendered":"<p>Dateln molasses<\/p>\n","protected":false},"featured_media":22104,"template":"","meta":[],"product_brand":[],"product_cat":[2355],"product_tag":[],"class_list":{"0":"post-22649","1":"product","2":"type-product","3":"status-publish","4":"has-post-thumbnail","6":"product_cat-konserven","8":"first","9":"outofstock","10":"taxable","11":"shipping-taxable","12":"purchasable","13":"product-type-simple"},"_links":{"self":[{"href":"https:\/\/alepposhop.eu\/de\/wp-json\/wp\/v2\/product\/22649"}],"collection":[{"href":"https:\/\/alepposhop.eu\/de\/wp-json\/wp\/v2\/product"}],"about":[{"href":"https:\/\/alepposhop.eu\/de\/wp-json\/wp\/v2\/types\/product"}],"wp:featuredmedia":[{"embeddable":true,"href":"https:\/\/alepposhop.eu\/de\/wp-json\/wp\/v2\/media\/22104"}],"wp:attachment":[{"href":"https:\/\/alepposhop.eu\/de\/wp-json\/wp\/v2\/media?parent=22649"}],"wp:term":[{"taxonomy":"product_brand","embeddable":true,"href":"https:\/\/alepposhop.eu\/de\/wp-json\/wp\/v2\/product_brand?post=22649"},{"taxonomy":"product_cat","embeddable":true,"href":"https:\/\/alepposhop.eu\/de\/wp-json\/wp\/v2\/product_cat?post=22649"},{"taxonomy":"product_tag","embeddable":true,"href":"https:\/\/alepposhop.eu\/de\/wp-json\/wp\/v2\/product_tag?post=22649"}],"curies":[{"name":"wp","href":"https:\/\/api.w.org\/{rel}","templated":true}]}}