{"id":22653,"date":"2023-01-25T18:35:10","date_gmt":"2023-01-25T18:02:01","guid":{"rendered":"https:\/\/alepposhop.eu\/puck-frischkaese\/"},"modified":"2026-02-15T01:22:48","modified_gmt":"2026-02-15T00:22:48","slug":"puck-frischkaese","status":"publish","type":"product","link":"https:\/\/alepposhop.eu\/de\/puck-frischkaese\/","title":{"rendered":"Puck Schmelzk\u00e4se"},"content":{"rendered":"<p style=\"text-align: center\">Puck-Schmelzk\u00e4se-Aufstrich, um leckere und schnelle Sandwiches zum Fr\u00fchst\u00fcck zuzubereiten.<\/p>\n<p style=\"text-align: center\">\n<p style=\"text-align: center\">\n","protected":false},"excerpt":{"rendered":"<p>frischk\u00e4se , creamk\u00e4se<\/p>\n","protected":false},"featured_media":22108,"template":"","meta":[],"product_brand":[],"product_cat":[5845,2355,2280],"product_tag":[],"class_list":{"0":"post-22653","1":"product","2":"type-product","3":"status-publish","4":"has-post-thumbnail","6":"product_cat-auktion","7":"product_cat-konserven","8":"product_cat-wochentliche-angebote","10":"first","11":"outofstock","12":"taxable","13":"shipping-taxable","14":"purchasable","15":"product-type-simple"},"_links":{"self":[{"href":"https:\/\/alepposhop.eu\/de\/wp-json\/wp\/v2\/product\/22653"}],"collection":[{"href":"https:\/\/alepposhop.eu\/de\/wp-json\/wp\/v2\/product"}],"about":[{"href":"https:\/\/alepposhop.eu\/de\/wp-json\/wp\/v2\/types\/product"}],"wp:featuredmedia":[{"embeddable":true,"href":"https:\/\/alepposhop.eu\/de\/wp-json\/wp\/v2\/media\/22108"}],"wp:attachment":[{"href":"https:\/\/alepposhop.eu\/de\/wp-json\/wp\/v2\/media?parent=22653"}],"wp:term":[{"taxonomy":"product_brand","embeddable":true,"href":"https:\/\/alepposhop.eu\/de\/wp-json\/wp\/v2\/product_brand?post=22653"},{"taxonomy":"product_cat","embeddable":true,"href":"https:\/\/alepposhop.eu\/de\/wp-json\/wp\/v2\/product_cat?post=22653"},{"taxonomy":"product_tag","embeddable":true,"href":"https:\/\/alepposhop.eu\/de\/wp-json\/wp\/v2\/product_tag?post=22653"}],"curies":[{"name":"wp","href":"https:\/\/api.w.org\/{rel}","templated":true}]}}