{"id":22669,"date":"2023-01-25T18:35:10","date_gmt":"2023-01-25T18:02:01","guid":{"rendered":"https:\/\/alepposhop.eu\/leo-tuna-hot-160g\/"},"modified":"2023-01-25T19:03:03","modified_gmt":"2023-01-25T18:03:03","slug":"leo-tuna-hot-160g","status":"publish","type":"product","link":"https:\/\/alepposhop.eu\/de\/leo-tuna-hot-160g\/","title":{"rendered":"Leo Tuna Hot 160g"},"content":{"rendered":"<p style=\"text-align: center;\">Thunfischst\u00fccke mit Chili und Pflanzen\u00f6l sind eine gute Quelle f\u00fcr Omega-3 und eignen sich ideal f\u00fcr die Zubereitung verschiedener Mahlzeiten.<\/p>\n<h2 style=\"text-align: center;\">Tuna, schaf, fish, chilli, omega 3<\/h2>\n<h2 style=\"text-align: center;\">Konserven<\/h2>\n<p style=\"text-align: center;\">Tuna<\/p>\n<p style=\"text-align: center;\">Lio<\/p>\n<p style=\"text-align: center;\">Tunafleisch, salz,chili, sonnenblumen\u00f6l<\/p>\n<p style=\"text-align: center;\">\n","protected":false},"excerpt":{"rendered":"<p>Tuna, schaf, fish, chilli, omega 3<\/p>\n","protected":false},"featured_media":22124,"template":"","meta":[],"product_brand":[],"product_cat":[2355],"product_tag":[],"class_list":{"0":"post-22669","1":"product","2":"type-product","3":"status-publish","4":"has-post-thumbnail","6":"product_cat-konserven","8":"first","9":"instock","10":"taxable","11":"shipping-taxable","12":"purchasable","13":"product-type-simple"},"_links":{"self":[{"href":"https:\/\/alepposhop.eu\/de\/wp-json\/wp\/v2\/product\/22669"}],"collection":[{"href":"https:\/\/alepposhop.eu\/de\/wp-json\/wp\/v2\/product"}],"about":[{"href":"https:\/\/alepposhop.eu\/de\/wp-json\/wp\/v2\/types\/product"}],"wp:featuredmedia":[{"embeddable":true,"href":"https:\/\/alepposhop.eu\/de\/wp-json\/wp\/v2\/media\/22124"}],"wp:attachment":[{"href":"https:\/\/alepposhop.eu\/de\/wp-json\/wp\/v2\/media?parent=22669"}],"wp:term":[{"taxonomy":"product_brand","embeddable":true,"href":"https:\/\/alepposhop.eu\/de\/wp-json\/wp\/v2\/product_brand?post=22669"},{"taxonomy":"product_cat","embeddable":true,"href":"https:\/\/alepposhop.eu\/de\/wp-json\/wp\/v2\/product_cat?post=22669"},{"taxonomy":"product_tag","embeddable":true,"href":"https:\/\/alepposhop.eu\/de\/wp-json\/wp\/v2\/product_tag?post=22669"}],"curies":[{"name":"wp","href":"https:\/\/api.w.org\/{rel}","templated":true}]}}