{"id":22677,"date":"2023-01-25T18:35:10","date_gmt":"2023-01-25T18:02:01","guid":{"rendered":"https:\/\/alepposhop.eu\/chtoura-augergine-dip-850g-baba-ghanoush\/"},"modified":"2025-02-14T23:20:39","modified_gmt":"2025-02-14T22:20:39","slug":"chtoura-augergine-dip-850g-baba-ghanoush","status":"publish","type":"product","link":"https:\/\/alepposhop.eu\/de\/chtoura-augergine-dip-850g-baba-ghanoush\/","title":{"rendered":"Chtoura Garden Augergine Dip 850g (baba Ghanoush)"},"content":{"rendered":"<p style=\"text-align: center\">Gewicht: 850g<\/p>\n<p style=\"text-align: center\">Baba Ghanoush oder Mutabal ist eine Vorspeise aus dem Nahen Osten, die haupts\u00e4chlich aus Auberginen besteht.<br \/>\nEs wird zubereitet, indem die Aubergine zerkleinert und mit Tahini, Gew\u00fcrzen und verschiedenen anderen W\u00fcrzmitteln, einschlie\u00dflich Knoblauch, vermischt wird. Auberginen werden vor dem Sch\u00e4len meist \u00fcber offenem Feuer gegrillt, dadurch entwickeln sie ein rauchiges Aroma.<\/p>\n","protected":false},"excerpt":{"rendered":"<p>dip, Aubergine, tahini, baba ghanoush<\/p>\n","protected":false},"featured_media":22132,"template":"","meta":[],"product_brand":[],"product_cat":[2355],"product_tag":[],"class_list":{"0":"post-22677","1":"product","2":"type-product","3":"status-publish","4":"has-post-thumbnail","6":"product_cat-konserven","8":"first","9":"instock","10":"taxable","11":"shipping-taxable","12":"purchasable","13":"product-type-simple"},"_links":{"self":[{"href":"https:\/\/alepposhop.eu\/de\/wp-json\/wp\/v2\/product\/22677"}],"collection":[{"href":"https:\/\/alepposhop.eu\/de\/wp-json\/wp\/v2\/product"}],"about":[{"href":"https:\/\/alepposhop.eu\/de\/wp-json\/wp\/v2\/types\/product"}],"wp:featuredmedia":[{"embeddable":true,"href":"https:\/\/alepposhop.eu\/de\/wp-json\/wp\/v2\/media\/22132"}],"wp:attachment":[{"href":"https:\/\/alepposhop.eu\/de\/wp-json\/wp\/v2\/media?parent=22677"}],"wp:term":[{"taxonomy":"product_brand","embeddable":true,"href":"https:\/\/alepposhop.eu\/de\/wp-json\/wp\/v2\/product_brand?post=22677"},{"taxonomy":"product_cat","embeddable":true,"href":"https:\/\/alepposhop.eu\/de\/wp-json\/wp\/v2\/product_cat?post=22677"},{"taxonomy":"product_tag","embeddable":true,"href":"https:\/\/alepposhop.eu\/de\/wp-json\/wp\/v2\/product_tag?post=22677"}],"curies":[{"name":"wp","href":"https:\/\/api.w.org\/{rel}","templated":true}]}}