{"id":22713,"date":"2023-01-25T18:36:43","date_gmt":"2023-01-25T18:03:22","guid":{"rendered":"https:\/\/alepposhop.eu\/nestle-gesuesste-milch\/"},"modified":"2026-02-04T22:42:56","modified_gmt":"2026-02-04T21:42:56","slug":"nestle-gesuesste-milch","status":"publish","type":"product","link":"https:\/\/alepposhop.eu\/de\/nestle-gesuesste-milch\/","title":{"rendered":"Nestl\u00e9 gezuckerte Kondensmilch"},"content":{"rendered":"<p style=\"text-align: center\">Ges\u00fc\u00dfte Vollmilchkonzentrate f\u00fcr Desserts und Backwaren<\/p>\n<h2 style=\"text-align: center\"><\/h2>\n<p style=\"text-align: center\">\n","protected":false},"excerpt":{"rendered":"<p>milch, konzentrat,vollmilch,gezuckert<\/p>\n","protected":false},"featured_media":22168,"template":"","meta":[],"product_brand":[],"product_cat":[5845,2355],"product_tag":[],"class_list":{"0":"post-22713","1":"product","2":"type-product","3":"status-publish","4":"has-post-thumbnail","6":"product_cat-auktion","7":"product_cat-konserven","9":"first","10":"instock","11":"sale","12":"taxable","13":"shipping-taxable","14":"purchasable","15":"product-type-simple"},"_links":{"self":[{"href":"https:\/\/alepposhop.eu\/de\/wp-json\/wp\/v2\/product\/22713"}],"collection":[{"href":"https:\/\/alepposhop.eu\/de\/wp-json\/wp\/v2\/product"}],"about":[{"href":"https:\/\/alepposhop.eu\/de\/wp-json\/wp\/v2\/types\/product"}],"wp:featuredmedia":[{"embeddable":true,"href":"https:\/\/alepposhop.eu\/de\/wp-json\/wp\/v2\/media\/22168"}],"wp:attachment":[{"href":"https:\/\/alepposhop.eu\/de\/wp-json\/wp\/v2\/media?parent=22713"}],"wp:term":[{"taxonomy":"product_brand","embeddable":true,"href":"https:\/\/alepposhop.eu\/de\/wp-json\/wp\/v2\/product_brand?post=22713"},{"taxonomy":"product_cat","embeddable":true,"href":"https:\/\/alepposhop.eu\/de\/wp-json\/wp\/v2\/product_cat?post=22713"},{"taxonomy":"product_tag","embeddable":true,"href":"https:\/\/alepposhop.eu\/de\/wp-json\/wp\/v2\/product_tag?post=22713"}],"curies":[{"name":"wp","href":"https:\/\/api.w.org\/{rel}","templated":true}]}}