{"id":22717,"date":"2023-01-25T18:36:43","date_gmt":"2023-01-25T18:03:22","guid":{"rendered":"https:\/\/alepposhop.eu\/smedes-schmelzkaese\/"},"modified":"2023-01-26T00:00:01","modified_gmt":"2023-01-25T23:00:01","slug":"smedes-schmelzkaese","status":"publish","type":"product","link":"https:\/\/alepposhop.eu\/de\/smedes-schmelzkaese\/","title":{"rendered":"Smedes Schmelzk\u00e4se"},"content":{"rendered":"<p style=\"text-align: center;\">Smedes-K\u00e4se ist eine Art Schmelzk\u00e4se, der aufgrund seines s\u00fc\u00dfen Geschmacks und seines s\u00fc\u00dfen Geschmacks von Verbrauchern h\u00e4ufig verwendet wird<\/p>\n<h2 style=\"text-align: center;\">k\u00e4se , fr\u00fchst\u00fcck , schmalzk\u00e4se<\/h2>\n<h2 style=\"text-align: center;\">Konserven<\/h2>\n<p style=\"text-align: center;\">\n<p style=\"text-align: center;\">\n<p style=\"text-align: center;\">\n<p style=\"text-align: center;\">\n","protected":false},"excerpt":{"rendered":"<p>k\u00e4se , fr\u00fchst\u00fcck , schmalzk\u00e4se<\/p>\n","protected":false},"featured_media":22172,"template":"","meta":[],"product_brand":[],"product_cat":[2355],"product_tag":[5482],"class_list":{"0":"post-22717","1":"product","2":"type-product","3":"status-publish","4":"has-post-thumbnail","6":"product_cat-konserven","7":"product_tag--de","9":"first","10":"outofstock","11":"taxable","12":"shipping-taxable","13":"purchasable","14":"product-type-simple"},"_links":{"self":[{"href":"https:\/\/alepposhop.eu\/de\/wp-json\/wp\/v2\/product\/22717"}],"collection":[{"href":"https:\/\/alepposhop.eu\/de\/wp-json\/wp\/v2\/product"}],"about":[{"href":"https:\/\/alepposhop.eu\/de\/wp-json\/wp\/v2\/types\/product"}],"wp:featuredmedia":[{"embeddable":true,"href":"https:\/\/alepposhop.eu\/de\/wp-json\/wp\/v2\/media\/22172"}],"wp:attachment":[{"href":"https:\/\/alepposhop.eu\/de\/wp-json\/wp\/v2\/media?parent=22717"}],"wp:term":[{"taxonomy":"product_brand","embeddable":true,"href":"https:\/\/alepposhop.eu\/de\/wp-json\/wp\/v2\/product_brand?post=22717"},{"taxonomy":"product_cat","embeddable":true,"href":"https:\/\/alepposhop.eu\/de\/wp-json\/wp\/v2\/product_cat?post=22717"},{"taxonomy":"product_tag","embeddable":true,"href":"https:\/\/alepposhop.eu\/de\/wp-json\/wp\/v2\/product_tag?post=22717"}],"curies":[{"name":"wp","href":"https:\/\/api.w.org\/{rel}","templated":true}]}}