{"id":22729,"date":"2023-01-25T18:36:43","date_gmt":"2023-01-25T18:03:22","guid":{"rendered":"https:\/\/alepposhop.eu\/dakka-geroestete-kichererbsen\/"},"modified":"2023-01-25T19:03:59","modified_gmt":"2023-01-25T18:03:59","slug":"dakka-geroestete-kichererbsen","status":"publish","type":"product","link":"https:\/\/alepposhop.eu\/de\/dakka-geroestete-kichererbsen\/","title":{"rendered":"Dakka (Ger\u00f6stete Kichererbsen)"},"content":{"rendered":"<p style=\"text-align: center;\">Dakkah ist eine k\u00f6stliche und leichte Mahlzeit, die in Syrien beliebt ist und aus ger\u00f6steten Kichererbsen und speziellen Gew\u00fcrzen hergestellt wird<\/p>\n<h2 style=\"text-align: center;\">Dakka, ger\u00f6stete kichererbsen<\/h2>\n<h2 style=\"text-align: center;\">Bonbons und Kekse<\/h2>\n<p style=\"text-align: center;\">Dakka<\/p>\n<p style=\"text-align: center;\">Aleppshop<\/p>\n<p style=\"text-align: center;\">kichererbsen,gew\u00fcrze<\/p>\n<p style=\"text-align: center;\">\n","protected":false},"excerpt":{"rendered":"<p>Dakka, ger\u00f6stete kichererbsen<\/p>\n","protected":false},"featured_media":22184,"template":"","meta":[],"product_brand":[],"product_cat":[73],"product_tag":[],"class_list":{"0":"post-22729","1":"product","2":"type-product","3":"status-publish","4":"has-post-thumbnail","6":"product_cat-bonbons-und-kekse","8":"first","9":"instock","10":"taxable","11":"shipping-taxable","12":"purchasable","13":"product-type-simple"},"_links":{"self":[{"href":"https:\/\/alepposhop.eu\/de\/wp-json\/wp\/v2\/product\/22729"}],"collection":[{"href":"https:\/\/alepposhop.eu\/de\/wp-json\/wp\/v2\/product"}],"about":[{"href":"https:\/\/alepposhop.eu\/de\/wp-json\/wp\/v2\/types\/product"}],"wp:featuredmedia":[{"embeddable":true,"href":"https:\/\/alepposhop.eu\/de\/wp-json\/wp\/v2\/media\/22184"}],"wp:attachment":[{"href":"https:\/\/alepposhop.eu\/de\/wp-json\/wp\/v2\/media?parent=22729"}],"wp:term":[{"taxonomy":"product_brand","embeddable":true,"href":"https:\/\/alepposhop.eu\/de\/wp-json\/wp\/v2\/product_brand?post=22729"},{"taxonomy":"product_cat","embeddable":true,"href":"https:\/\/alepposhop.eu\/de\/wp-json\/wp\/v2\/product_cat?post=22729"},{"taxonomy":"product_tag","embeddable":true,"href":"https:\/\/alepposhop.eu\/de\/wp-json\/wp\/v2\/product_tag?post=22729"}],"curies":[{"name":"wp","href":"https:\/\/api.w.org\/{rel}","templated":true}]}}