{"id":22737,"date":"2023-01-25T18:36:43","date_gmt":"2023-01-25T18:03:22","guid":{"rendered":"https:\/\/alepposhop.eu\/gelatin-lutscher-halal\/"},"modified":"2023-01-25T19:04:05","modified_gmt":"2023-01-25T18:04:05","slug":"gelatin-lutscher-halal","status":"publish","type":"product","link":"https:\/\/alepposhop.eu\/de\/gelatin-lutscher-halal\/","title":{"rendered":"Gelatin Lutscher (Halal)"},"content":{"rendered":"<p style=\"text-align: center;\">Ein k\u00f6stlicher Lutscher aus Halal-Gelatine in verschiedenen Geschmacksrichtungen, der von allen Kindern geliebt wird<\/p>\n<h2 style=\"text-align: center;\">lollipop ,lutscher,s\u00fc\u00dfigkeit,kinder,s\u00fc\u00df<\/h2>\n<h2 style=\"text-align: center;\">Bonbons und Kekse<\/h2>\n<p style=\"text-align: center;\">\n<p style=\"text-align: center;\">\n<p style=\"text-align: center;\">\n<p style=\"text-align: center;\">\n","protected":false},"excerpt":{"rendered":"<p>Ein k\u00f6stlicher Lutscher aus Halal-Gelatine in verschiedenen Geschmacksrichtungen, der von allen Kindern geliebt wird lollipop ,lutscher,s\u00fc\u00dfigkeit,kinder,s\u00fc\u00df Bonbons und Kekse<\/p>\n","protected":false},"featured_media":22192,"template":"","meta":[],"product_brand":[],"product_cat":[73],"product_tag":[],"class_list":{"0":"post-22737","1":"product","2":"type-product","3":"status-publish","4":"has-post-thumbnail","6":"product_cat-bonbons-und-kekse","8":"first","9":"outofstock","10":"taxable","11":"shipping-taxable","12":"purchasable","13":"product-type-simple"},"_links":{"self":[{"href":"https:\/\/alepposhop.eu\/de\/wp-json\/wp\/v2\/product\/22737"}],"collection":[{"href":"https:\/\/alepposhop.eu\/de\/wp-json\/wp\/v2\/product"}],"about":[{"href":"https:\/\/alepposhop.eu\/de\/wp-json\/wp\/v2\/types\/product"}],"wp:featuredmedia":[{"embeddable":true,"href":"https:\/\/alepposhop.eu\/de\/wp-json\/wp\/v2\/media\/22192"}],"wp:attachment":[{"href":"https:\/\/alepposhop.eu\/de\/wp-json\/wp\/v2\/media?parent=22737"}],"wp:term":[{"taxonomy":"product_brand","embeddable":true,"href":"https:\/\/alepposhop.eu\/de\/wp-json\/wp\/v2\/product_brand?post=22737"},{"taxonomy":"product_cat","embeddable":true,"href":"https:\/\/alepposhop.eu\/de\/wp-json\/wp\/v2\/product_cat?post=22737"},{"taxonomy":"product_tag","embeddable":true,"href":"https:\/\/alepposhop.eu\/de\/wp-json\/wp\/v2\/product_tag?post=22737"}],"curies":[{"name":"wp","href":"https:\/\/api.w.org\/{rel}","templated":true}]}}