{"id":22741,"date":"2023-01-25T18:36:43","date_gmt":"2023-01-25T18:03:22","guid":{"rendered":"https:\/\/alepposhop.eu\/gesalzene-erdnuesse\/"},"modified":"2025-01-31T14:17:13","modified_gmt":"2025-01-31T13:17:13","slug":"gesalzene-erdnuesse","status":"publish","type":"product","link":"https:\/\/alepposhop.eu\/de\/gesalzene-erdnuesse\/","title":{"rendered":"Gesalzene Erdnuss"},"content":{"rendered":"<p style=\"text-align: center\">Gewicht: 250 g<\/p>\n<p style=\"text-align: center\">Gesalzene Erdn\u00fcsse geh\u00f6ren zu den beliebtesten N\u00fcssen und Snacks.<\/p>\n","protected":false},"excerpt":{"rendered":"<p>Erdnuss, snack, gesalzen , nusse<\/p>\n","protected":false},"featured_media":22196,"template":"","meta":[],"product_brand":[],"product_cat":[71],"product_tag":[],"class_list":{"0":"post-22741","1":"product","2":"type-product","3":"status-publish","4":"has-post-thumbnail","6":"product_cat-nusse-und-samen","8":"first","9":"instock","10":"taxable","11":"shipping-taxable","12":"purchasable","13":"product-type-simple"},"_links":{"self":[{"href":"https:\/\/alepposhop.eu\/de\/wp-json\/wp\/v2\/product\/22741"}],"collection":[{"href":"https:\/\/alepposhop.eu\/de\/wp-json\/wp\/v2\/product"}],"about":[{"href":"https:\/\/alepposhop.eu\/de\/wp-json\/wp\/v2\/types\/product"}],"wp:featuredmedia":[{"embeddable":true,"href":"https:\/\/alepposhop.eu\/de\/wp-json\/wp\/v2\/media\/22196"}],"wp:attachment":[{"href":"https:\/\/alepposhop.eu\/de\/wp-json\/wp\/v2\/media?parent=22741"}],"wp:term":[{"taxonomy":"product_brand","embeddable":true,"href":"https:\/\/alepposhop.eu\/de\/wp-json\/wp\/v2\/product_brand?post=22741"},{"taxonomy":"product_cat","embeddable":true,"href":"https:\/\/alepposhop.eu\/de\/wp-json\/wp\/v2\/product_cat?post=22741"},{"taxonomy":"product_tag","embeddable":true,"href":"https:\/\/alepposhop.eu\/de\/wp-json\/wp\/v2\/product_tag?post=22741"}],"curies":[{"name":"wp","href":"https:\/\/api.w.org\/{rel}","templated":true}]}}