{"id":22777,"date":"2023-01-25T19:04:41","date_gmt":"2023-01-25T18:04:41","guid":{"rendered":"https:\/\/alepposhop.eu\/rote-linsen-grober\/"},"modified":"2023-01-25T19:04:49","modified_gmt":"2023-01-25T18:04:49","slug":"rote-linsen-grober","status":"publish","type":"product","link":"https:\/\/alepposhop.eu\/de\/rote-linsen-grober\/","title":{"rendered":"Rote Linsen grober"},"content":{"rendered":"<p style=\"text-align: center;\">Linsen sind bekannt f\u00fcr ihren Reichtum an N\u00e4hrstoffen und n\u00fctzlichen Ballaststoffen.<\/p>\n<h2 style=\"text-align: center;\">rote linsen, gerober, rotelinsen<\/h2>\n<h2 style=\"text-align: center;\">Getreide<\/h2>\n<p style=\"text-align: center;\">Linsen<\/p>\n<p style=\"text-align: center;\">Alepposhop<\/p>\n<p style=\"text-align: center;\">Linsen<\/p>\n<p style=\"text-align: center;\">\n","protected":false},"excerpt":{"rendered":"<p>rote linsen, gerober, rotelinsen<\/p>\n","protected":false},"featured_media":22778,"template":"","meta":[],"product_brand":[],"product_cat":[4757],"product_tag":[4769,4770,4771],"class_list":{"0":"post-22777","1":"product","2":"type-product","3":"status-publish","4":"has-post-thumbnail","6":"product_cat-getreide","7":"product_tag-rote-linsen","8":"product_tag-gerober","9":"product_tag-rotelinsen","11":"first","12":"instock","13":"taxable","14":"shipping-taxable","15":"purchasable","16":"product-type-simple"},"_links":{"self":[{"href":"https:\/\/alepposhop.eu\/de\/wp-json\/wp\/v2\/product\/22777"}],"collection":[{"href":"https:\/\/alepposhop.eu\/de\/wp-json\/wp\/v2\/product"}],"about":[{"href":"https:\/\/alepposhop.eu\/de\/wp-json\/wp\/v2\/types\/product"}],"wp:featuredmedia":[{"embeddable":true,"href":"https:\/\/alepposhop.eu\/de\/wp-json\/wp\/v2\/media\/22778"}],"wp:attachment":[{"href":"https:\/\/alepposhop.eu\/de\/wp-json\/wp\/v2\/media?parent=22777"}],"wp:term":[{"taxonomy":"product_brand","embeddable":true,"href":"https:\/\/alepposhop.eu\/de\/wp-json\/wp\/v2\/product_brand?post=22777"},{"taxonomy":"product_cat","embeddable":true,"href":"https:\/\/alepposhop.eu\/de\/wp-json\/wp\/v2\/product_cat?post=22777"},{"taxonomy":"product_tag","embeddable":true,"href":"https:\/\/alepposhop.eu\/de\/wp-json\/wp\/v2\/product_tag?post=22777"}],"curies":[{"name":"wp","href":"https:\/\/api.w.org\/{rel}","templated":true}]}}