{"id":22781,"date":"2023-01-25T18:38:02","date_gmt":"2023-01-25T18:04:41","guid":{"rendered":"https:\/\/alepposhop.eu\/rote-linsen\/"},"modified":"2023-01-25T19:04:55","modified_gmt":"2023-01-25T18:04:55","slug":"rote-linsen","status":"publish","type":"product","link":"https:\/\/alepposhop.eu\/de\/rote-linsen\/","title":{"rendered":"Rote Linsen"},"content":{"rendered":"<p style=\"text-align: center;\">Linsen sind bekannt f\u00fcr ihren Reichtum an N\u00e4hrstoffen und n\u00fctzlichen Ballaststoffen.<\/p>\n<h2 style=\"text-align: center;\">rote linsen, rotelinsen<\/h2>\n<h2 style=\"text-align: center;\">Getreide<\/h2>\n<p style=\"text-align: center;\">Linsen<\/p>\n<p style=\"text-align: center;\">Alepposhop<\/p>\n<p style=\"text-align: center;\">Linsen<\/p>\n<p style=\"text-align: center;\">\n","protected":false},"excerpt":{"rendered":"<p>rote linsen, rotelinsen<\/p>\n","protected":false},"featured_media":22236,"template":"","meta":[],"product_brand":[],"product_cat":[4757],"product_tag":[],"class_list":{"0":"post-22781","1":"product","2":"type-product","3":"status-publish","4":"has-post-thumbnail","6":"product_cat-getreide","8":"first","9":"instock","10":"taxable","11":"shipping-taxable","12":"purchasable","13":"product-type-simple"},"_links":{"self":[{"href":"https:\/\/alepposhop.eu\/de\/wp-json\/wp\/v2\/product\/22781"}],"collection":[{"href":"https:\/\/alepposhop.eu\/de\/wp-json\/wp\/v2\/product"}],"about":[{"href":"https:\/\/alepposhop.eu\/de\/wp-json\/wp\/v2\/types\/product"}],"wp:featuredmedia":[{"embeddable":true,"href":"https:\/\/alepposhop.eu\/de\/wp-json\/wp\/v2\/media\/22236"}],"wp:attachment":[{"href":"https:\/\/alepposhop.eu\/de\/wp-json\/wp\/v2\/media?parent=22781"}],"wp:term":[{"taxonomy":"product_brand","embeddable":true,"href":"https:\/\/alepposhop.eu\/de\/wp-json\/wp\/v2\/product_brand?post=22781"},{"taxonomy":"product_cat","embeddable":true,"href":"https:\/\/alepposhop.eu\/de\/wp-json\/wp\/v2\/product_cat?post=22781"},{"taxonomy":"product_tag","embeddable":true,"href":"https:\/\/alepposhop.eu\/de\/wp-json\/wp\/v2\/product_tag?post=22781"}],"curies":[{"name":"wp","href":"https:\/\/api.w.org\/{rel}","templated":true}]}}