{"id":22801,"date":"2023-01-25T18:38:02","date_gmt":"2023-01-25T18:04:41","guid":{"rendered":"https:\/\/alepposhop.eu\/weisse-nadelbohnen\/"},"modified":"2023-01-25T19:05:14","modified_gmt":"2023-01-25T18:05:14","slug":"weisse-nadelbohnen","status":"publish","type":"product","link":"https:\/\/alepposhop.eu\/de\/weisse-nadelbohnen\/","title":{"rendered":"Wei\u00dfe Nadelbohnen"},"content":{"rendered":"<p style=\"text-align: center;\">Wei\u00dfe Bohnen sind reich an Proteinen, die f\u00fcr den K\u00f6rper gesund sind, sie werden in vielen k\u00f6stlichen Gerichten verwendet.<\/p>\n<h2 style=\"text-align: center;\">bohnen, wei\u00dfer bohnen , getrockente,<\/h2>\n<h2 style=\"text-align: center;\">Getreide<\/h2>\n<p style=\"text-align: center;\">Getreide<\/p>\n<p style=\"text-align: center;\">Alepposhop<\/p>\n<p style=\"text-align: center;\">Bohnen<\/p>\n<p style=\"text-align: center;\">\n","protected":false},"excerpt":{"rendered":"<p>bohnen, wei\u00dfer bohnen , getrockente,<\/p>\n","protected":false},"featured_media":22256,"template":"","meta":[],"product_brand":[],"product_cat":[4757],"product_tag":[3208,4768,4774],"class_list":{"0":"post-22801","1":"product","2":"type-product","3":"status-publish","4":"has-post-thumbnail","6":"product_cat-getreide","7":"product_tag-bohnen","8":"product_tag-getrockente","9":"product_tag-weisser-bohnen","11":"first","12":"instock","13":"taxable","14":"shipping-taxable","15":"purchasable","16":"product-type-simple"},"_links":{"self":[{"href":"https:\/\/alepposhop.eu\/de\/wp-json\/wp\/v2\/product\/22801"}],"collection":[{"href":"https:\/\/alepposhop.eu\/de\/wp-json\/wp\/v2\/product"}],"about":[{"href":"https:\/\/alepposhop.eu\/de\/wp-json\/wp\/v2\/types\/product"}],"wp:featuredmedia":[{"embeddable":true,"href":"https:\/\/alepposhop.eu\/de\/wp-json\/wp\/v2\/media\/22256"}],"wp:attachment":[{"href":"https:\/\/alepposhop.eu\/de\/wp-json\/wp\/v2\/media?parent=22801"}],"wp:term":[{"taxonomy":"product_brand","embeddable":true,"href":"https:\/\/alepposhop.eu\/de\/wp-json\/wp\/v2\/product_brand?post=22801"},{"taxonomy":"product_cat","embeddable":true,"href":"https:\/\/alepposhop.eu\/de\/wp-json\/wp\/v2\/product_cat?post=22801"},{"taxonomy":"product_tag","embeddable":true,"href":"https:\/\/alepposhop.eu\/de\/wp-json\/wp\/v2\/product_tag?post=22801"}],"curies":[{"name":"wp","href":"https:\/\/api.w.org\/{rel}","templated":true}]}}