{"id":22825,"date":"2023-01-25T18:38:02","date_gmt":"2023-01-25T18:04:41","guid":{"rendered":"https:\/\/alepposhop.eu\/al-athmad-kohl-schwarzer-eyeliner\/"},"modified":"2023-01-25T19:05:36","modified_gmt":"2023-01-25T18:05:36","slug":"al-athmad-kohl-schwarzer-eyeliner","status":"publish","type":"product","link":"https:\/\/alepposhop.eu\/de\/al-athmad-kohl-schwarzer-eyeliner\/","title":{"rendered":"Al-Athmad Kohl (schwarzer Eyeliner)"},"content":{"rendered":"<p style=\"text-align: center;\">Ein Glas Al-Athmid besteht aus nat\u00fcrlicher Kohlk\u00fchlung mit Zamzam-Wasser und nat\u00fcrlichem Rosenwasser.<\/p>\n<h2 style=\"text-align: center;\">Al-Athmid Khol, schwarzer eyeliner, arabic khol<\/h2>\n<h2 style=\"text-align: center;\">Sch\u00f6nheit und Gesundheit<\/h2>\n<p style=\"text-align: center;\">Eyeleiner<\/p>\n<p style=\"text-align: center;\">Sheikh Alkar<\/p>\n<p style=\"text-align: center;\">\n<p style=\"text-align: center;\">\n","protected":false},"excerpt":{"rendered":"<p>Al-Athmid Khol, schwarzer eyeliner, arabic khol<\/p>\n","protected":false},"featured_media":22280,"template":"","meta":[],"product_brand":[],"product_cat":[75],"product_tag":[],"class_list":{"0":"post-22825","1":"product","2":"type-product","3":"status-publish","4":"has-post-thumbnail","6":"product_cat-schonheit-und-gesundheit","8":"first","9":"instock","10":"taxable","11":"shipping-taxable","12":"purchasable","13":"product-type-simple"},"_links":{"self":[{"href":"https:\/\/alepposhop.eu\/de\/wp-json\/wp\/v2\/product\/22825"}],"collection":[{"href":"https:\/\/alepposhop.eu\/de\/wp-json\/wp\/v2\/product"}],"about":[{"href":"https:\/\/alepposhop.eu\/de\/wp-json\/wp\/v2\/types\/product"}],"wp:featuredmedia":[{"embeddable":true,"href":"https:\/\/alepposhop.eu\/de\/wp-json\/wp\/v2\/media\/22280"}],"wp:attachment":[{"href":"https:\/\/alepposhop.eu\/de\/wp-json\/wp\/v2\/media?parent=22825"}],"wp:term":[{"taxonomy":"product_brand","embeddable":true,"href":"https:\/\/alepposhop.eu\/de\/wp-json\/wp\/v2\/product_brand?post=22825"},{"taxonomy":"product_cat","embeddable":true,"href":"https:\/\/alepposhop.eu\/de\/wp-json\/wp\/v2\/product_cat?post=22825"},{"taxonomy":"product_tag","embeddable":true,"href":"https:\/\/alepposhop.eu\/de\/wp-json\/wp\/v2\/product_tag?post=22825"}],"curies":[{"name":"wp","href":"https:\/\/api.w.org\/{rel}","templated":true}]}}