{"id":22829,"date":"2023-01-25T18:38:02","date_gmt":"2023-01-25T18:04:41","guid":{"rendered":"https:\/\/alepposhop.eu\/al-haramain-al-athmad-kohl-mit-einem-hoelzernen-kohl\/"},"modified":"2023-01-25T19:05:40","modified_gmt":"2023-01-25T18:05:40","slug":"al-haramain-al-athmad-kohl-mit-einem-hoelzernen-kohl","status":"publish","type":"product","link":"https:\/\/alepposhop.eu\/de\/al-haramain-al-athmad-kohl-mit-einem-hoelzernen-kohl\/","title":{"rendered":"Al-Haramain Al-Athmad Kohl mit einem h\u00f6lzernen Kohl"},"content":{"rendered":"<p style=\"text-align: center;\">4 Gl\u00e4ser Al-Athmid Kohl aus nat\u00fcrlicher Kohlk\u00fchlung mit Zamzam-Wasser und nat\u00fcrlichem Rosenwasser + Holzkohl+tasche<\/p>\n<h2 style=\"text-align: center;\">Al-Athmid Khol, schwarzer eyeliner, arabic khol, Holz<\/h2>\n<h2 style=\"text-align: center;\">Sch\u00f6nheit und Gesundheit<\/h2>\n<p style=\"text-align: center;\">Eyeleiner<\/p>\n<p style=\"text-align: center;\">Sheikh Alkar<\/p>\n<p style=\"text-align: center;\">\n<p style=\"text-align: center;\">\n","protected":false},"excerpt":{"rendered":"<p>Al-Athmid Khol, schwarzer eyeliner, arabic khol, Holz<\/p>\n","protected":false},"featured_media":22284,"template":"","meta":[],"product_brand":[],"product_cat":[75],"product_tag":[],"class_list":{"0":"post-22829","1":"product","2":"type-product","3":"status-publish","4":"has-post-thumbnail","6":"product_cat-schonheit-und-gesundheit","8":"first","9":"outofstock","10":"taxable","11":"shipping-taxable","12":"purchasable","13":"product-type-simple"},"_links":{"self":[{"href":"https:\/\/alepposhop.eu\/de\/wp-json\/wp\/v2\/product\/22829"}],"collection":[{"href":"https:\/\/alepposhop.eu\/de\/wp-json\/wp\/v2\/product"}],"about":[{"href":"https:\/\/alepposhop.eu\/de\/wp-json\/wp\/v2\/types\/product"}],"wp:featuredmedia":[{"embeddable":true,"href":"https:\/\/alepposhop.eu\/de\/wp-json\/wp\/v2\/media\/22284"}],"wp:attachment":[{"href":"https:\/\/alepposhop.eu\/de\/wp-json\/wp\/v2\/media?parent=22829"}],"wp:term":[{"taxonomy":"product_brand","embeddable":true,"href":"https:\/\/alepposhop.eu\/de\/wp-json\/wp\/v2\/product_brand?post=22829"},{"taxonomy":"product_cat","embeddable":true,"href":"https:\/\/alepposhop.eu\/de\/wp-json\/wp\/v2\/product_cat?post=22829"},{"taxonomy":"product_tag","embeddable":true,"href":"https:\/\/alepposhop.eu\/de\/wp-json\/wp\/v2\/product_tag?post=22829"}],"curies":[{"name":"wp","href":"https:\/\/api.w.org\/{rel}","templated":true}]}}