{"id":22861,"date":"2023-01-25T18:39:20","date_gmt":"2023-01-25T18:05:59","guid":{"rendered":"https:\/\/alepposhop.eu\/shamin-kuemmel-and-zitrone\/"},"modified":"2023-01-25T19:06:09","modified_gmt":"2023-01-25T18:06:09","slug":"shamin-kuemmel-and-zitrone","status":"publish","type":"product","link":"https:\/\/alepposhop.eu\/de\/shamin-kuemmel-and-zitrone\/","title":{"rendered":"Shamin k\u00fcmmel and Zitrone"},"content":{"rendered":"<p style=\"text-align: center;\">(20 Beutel) Sie k\u00f6nnen ein hei\u00dfes K\u00fcmmel-Zitronen-Getr\u00e4nk zubereiten und mit seinem Geschmack und seinen Vorteilen f\u00fcr eine gesunde Verdauung genie\u00dfen.<\/p>\n<h2 style=\"text-align: center;\">hei\u00dfe getr\u00e4nke , k\u00fcmmel, zitrone<\/h2>\n<h2 style=\"text-align: center;\">warme Getr\u00e4nke<\/h2>\n<p style=\"text-align: center;\">Getr\u00e4nke<\/p>\n<p style=\"text-align: center;\">The original Sham group<\/p>\n<p style=\"text-align: center;\">k\u00fcmmel, zitrone<\/p>\n<p style=\"text-align: center;\">\n","protected":false},"excerpt":{"rendered":"<p>hei\u00dfe getr\u00e4nke , k\u00fcmmel, zitrone<\/p>\n","protected":false},"featured_media":22316,"template":"","meta":[],"product_brand":[],"product_cat":[2352],"product_tag":[],"class_list":{"0":"post-22861","1":"product","2":"type-product","3":"status-publish","4":"has-post-thumbnail","6":"product_cat-warme-getraenke","8":"first","9":"outofstock","10":"taxable","11":"shipping-taxable","12":"purchasable","13":"product-type-simple"},"_links":{"self":[{"href":"https:\/\/alepposhop.eu\/de\/wp-json\/wp\/v2\/product\/22861"}],"collection":[{"href":"https:\/\/alepposhop.eu\/de\/wp-json\/wp\/v2\/product"}],"about":[{"href":"https:\/\/alepposhop.eu\/de\/wp-json\/wp\/v2\/types\/product"}],"wp:featuredmedia":[{"embeddable":true,"href":"https:\/\/alepposhop.eu\/de\/wp-json\/wp\/v2\/media\/22316"}],"wp:attachment":[{"href":"https:\/\/alepposhop.eu\/de\/wp-json\/wp\/v2\/media?parent=22861"}],"wp:term":[{"taxonomy":"product_brand","embeddable":true,"href":"https:\/\/alepposhop.eu\/de\/wp-json\/wp\/v2\/product_brand?post=22861"},{"taxonomy":"product_cat","embeddable":true,"href":"https:\/\/alepposhop.eu\/de\/wp-json\/wp\/v2\/product_cat?post=22861"},{"taxonomy":"product_tag","embeddable":true,"href":"https:\/\/alepposhop.eu\/de\/wp-json\/wp\/v2\/product_tag?post=22861"}],"curies":[{"name":"wp","href":"https:\/\/api.w.org\/{rel}","templated":true}]}}