{"id":22873,"date":"2023-01-25T18:39:20","date_gmt":"2023-01-25T18:05:59","guid":{"rendered":"https:\/\/alepposhop.eu\/ramadan-kareem-raeuchergefaess-metall-spiegelglas\/"},"modified":"2023-01-25T19:06:21","modified_gmt":"2023-01-25T18:06:21","slug":"ramadan-kareem-raeuchergefaess-metall-spiegelglas","status":"publish","type":"product","link":"https:\/\/alepposhop.eu\/de\/ramadan-kareem-raeuchergefaess-metall-spiegelglas\/","title":{"rendered":"Ramadan Kareem R\u00e4uchergef\u00e4\u00df (Metall\/Spiegelglas)"},"content":{"rendered":"<p style=\"text-align: center;\">Ramadan Kareem R\u00e4uchergef\u00e4\u00df (Metall\/Spiegelglas)<\/p>\n<h2 style=\"text-align: center;\">R\u00e4uchergef\u00e4\u00df, Ramadan-Dekoration, Ramadan, Dekoration<\/h2>\n<h2 style=\"text-align: center;\">Islamisches<\/h2>\n<p style=\"text-align: center;\">\n<p style=\"text-align: center;\">\n<p style=\"text-align: center;\">\n<p style=\"text-align: center;\">\n","protected":false},"excerpt":{"rendered":"<p>R\u00e4uchergef\u00e4\u00df , Ramadan-Dekoration, Ramadan, Dekoration<\/p>\n","protected":false},"featured_media":22328,"template":"","meta":[],"product_brand":[],"product_cat":[78],"product_tag":[5497],"class_list":{"0":"post-22873","1":"product","2":"type-product","3":"status-publish","4":"has-post-thumbnail","6":"product_cat-islamisches","7":"product_tag--de","9":"first","10":"outofstock","11":"taxable","12":"shipping-taxable","13":"purchasable","14":"product-type-simple"},"_links":{"self":[{"href":"https:\/\/alepposhop.eu\/de\/wp-json\/wp\/v2\/product\/22873"}],"collection":[{"href":"https:\/\/alepposhop.eu\/de\/wp-json\/wp\/v2\/product"}],"about":[{"href":"https:\/\/alepposhop.eu\/de\/wp-json\/wp\/v2\/types\/product"}],"wp:featuredmedia":[{"embeddable":true,"href":"https:\/\/alepposhop.eu\/de\/wp-json\/wp\/v2\/media\/22328"}],"wp:attachment":[{"href":"https:\/\/alepposhop.eu\/de\/wp-json\/wp\/v2\/media?parent=22873"}],"wp:term":[{"taxonomy":"product_brand","embeddable":true,"href":"https:\/\/alepposhop.eu\/de\/wp-json\/wp\/v2\/product_brand?post=22873"},{"taxonomy":"product_cat","embeddable":true,"href":"https:\/\/alepposhop.eu\/de\/wp-json\/wp\/v2\/product_cat?post=22873"},{"taxonomy":"product_tag","embeddable":true,"href":"https:\/\/alepposhop.eu\/de\/wp-json\/wp\/v2\/product_tag?post=22873"}],"curies":[{"name":"wp","href":"https:\/\/api.w.org\/{rel}","templated":true}]}}