{"id":23297,"date":"2023-02-05T20:40:00","date_gmt":"2023-02-05T19:57:13","guid":{"rendered":"https:\/\/alepposhop.eu\/sanft-thymian-shanklish-stueck\/"},"modified":"2024-11-14T23:24:01","modified_gmt":"2024-11-14T22:24:01","slug":"sanft-thymian-shanklish-stueck","status":"publish","type":"product","link":"https:\/\/alepposhop.eu\/de\/sanft-thymian-shanklish-stueck\/","title":{"rendered":"Weich thymian shanklish ( st\u00fcck)"},"content":{"rendered":"<p style=\"text-align: center\">Gewicht: 220 Gramm<\/p>\n<p style=\"text-align: center\">Shanklish ist eine luftgetrocknete K\u00e4sesorte, die mit einer Schicht gr\u00fcnem Thymian oder rotem Pfeffer \u00fcberzogen ist.<\/p>\n<p style=\"text-align: center\">Sie gilt als eine der ber\u00fchmtesten syrischen Vorspeisen, da sie kalt mit der Zugabe von Oliven\u00f6l serviert wird<\/p>\n","protected":false},"excerpt":{"rendered":"<p>Shanklish, K\u00e4se, Fr\u00fchst\u00fcck<\/p>\n","protected":false},"featured_media":22996,"template":"","meta":[],"product_brand":[],"product_cat":[67],"product_tag":[5482],"class_list":{"0":"post-23297","1":"product","2":"type-product","3":"status-publish","4":"has-post-thumbnail","6":"product_cat-fruhstuck","7":"product_tag--de","9":"first","10":"outofstock","11":"taxable","12":"shipping-taxable","13":"purchasable","14":"product-type-simple"},"_links":{"self":[{"href":"https:\/\/alepposhop.eu\/de\/wp-json\/wp\/v2\/product\/23297"}],"collection":[{"href":"https:\/\/alepposhop.eu\/de\/wp-json\/wp\/v2\/product"}],"about":[{"href":"https:\/\/alepposhop.eu\/de\/wp-json\/wp\/v2\/types\/product"}],"wp:featuredmedia":[{"embeddable":true,"href":"https:\/\/alepposhop.eu\/de\/wp-json\/wp\/v2\/media\/22996"}],"wp:attachment":[{"href":"https:\/\/alepposhop.eu\/de\/wp-json\/wp\/v2\/media?parent=23297"}],"wp:term":[{"taxonomy":"product_brand","embeddable":true,"href":"https:\/\/alepposhop.eu\/de\/wp-json\/wp\/v2\/product_brand?post=23297"},{"taxonomy":"product_cat","embeddable":true,"href":"https:\/\/alepposhop.eu\/de\/wp-json\/wp\/v2\/product_cat?post=23297"},{"taxonomy":"product_tag","embeddable":true,"href":"https:\/\/alepposhop.eu\/de\/wp-json\/wp\/v2\/product_tag?post=23297"}],"curies":[{"name":"wp","href":"https:\/\/api.w.org\/{rel}","templated":true}]}}