{"id":23305,"date":"2023-02-05T20:40:00","date_gmt":"2023-02-05T19:57:13","guid":{"rendered":"https:\/\/alepposhop.eu\/gegrillt-oliven\/"},"modified":"2024-11-14T23:42:32","modified_gmt":"2024-11-14T22:42:32","slug":"gegrillt-oliven","status":"publish","type":"product","link":"https:\/\/alepposhop.eu\/de\/gegrillt-oliven\/","title":{"rendered":"Gegrillt Oliven"},"content":{"rendered":"<p style=\"text-align: center\">Gewicht: 250 Gramm<\/p>\n<p style=\"text-align: center\">Bei niedriger Temperatur auf dem Grill ger\u00f6stete Oliven mit nat\u00fcrlichem Oliven\u00f6l und einer Mischung aus Gew\u00fcrzen und Knoblauch<\/p>\n","protected":false},"excerpt":{"rendered":"<p>oliven,grill,\u00f6l<\/p>\n","protected":false},"featured_media":23004,"template":"","meta":[],"product_brand":[],"product_cat":[67],"product_tag":[5480,5481,5482],"class_list":{"0":"post-23305","1":"product","2":"type-product","3":"status-publish","4":"has-post-thumbnail","6":"product_cat-fruhstuck","7":"product_tag--de","8":"product_tag---de","11":"first","12":"instock","13":"taxable","14":"shipping-taxable","15":"purchasable","16":"product-type-simple"},"_links":{"self":[{"href":"https:\/\/alepposhop.eu\/de\/wp-json\/wp\/v2\/product\/23305"}],"collection":[{"href":"https:\/\/alepposhop.eu\/de\/wp-json\/wp\/v2\/product"}],"about":[{"href":"https:\/\/alepposhop.eu\/de\/wp-json\/wp\/v2\/types\/product"}],"wp:featuredmedia":[{"embeddable":true,"href":"https:\/\/alepposhop.eu\/de\/wp-json\/wp\/v2\/media\/23004"}],"wp:attachment":[{"href":"https:\/\/alepposhop.eu\/de\/wp-json\/wp\/v2\/media?parent=23305"}],"wp:term":[{"taxonomy":"product_brand","embeddable":true,"href":"https:\/\/alepposhop.eu\/de\/wp-json\/wp\/v2\/product_brand?post=23305"},{"taxonomy":"product_cat","embeddable":true,"href":"https:\/\/alepposhop.eu\/de\/wp-json\/wp\/v2\/product_cat?post=23305"},{"taxonomy":"product_tag","embeddable":true,"href":"https:\/\/alepposhop.eu\/de\/wp-json\/wp\/v2\/product_tag?post=23305"}],"curies":[{"name":"wp","href":"https:\/\/api.w.org\/{rel}","templated":true}]}}