{"id":23313,"date":"2023-02-05T20:40:00","date_gmt":"2023-02-05T19:57:13","guid":{"rendered":"https:\/\/alepposhop.eu\/cottage-kaese\/"},"modified":"2024-11-15T00:00:04","modified_gmt":"2024-11-14T23:00:04","slug":"cottage-kaese","status":"publish","type":"product","link":"https:\/\/alepposhop.eu\/de\/cottage-kaese\/","title":{"rendered":"H\u00fcttenk\u00e4se"},"content":{"rendered":"<p style=\"text-align: center\">Gewicht: 500 g<\/p>\n<p style=\"text-align: center\">H\u00fcttenk\u00e4se ist eine Art weicher Wei\u00dfk\u00e4se, der durch Fermentieren von Milch hergestellt wird<\/p>\n","protected":false},"excerpt":{"rendered":"<p>k\u00e4se,fr\u00fchst\u00fcck<\/p>\n","protected":false},"featured_media":23012,"template":"","meta":[],"product_brand":[],"product_cat":[67],"product_tag":[5482],"class_list":{"0":"post-23313","1":"product","2":"type-product","3":"status-publish","4":"has-post-thumbnail","6":"product_cat-fruhstuck","7":"product_tag--de","9":"first","10":"outofstock","11":"taxable","12":"shipping-taxable","13":"purchasable","14":"product-type-simple"},"_links":{"self":[{"href":"https:\/\/alepposhop.eu\/de\/wp-json\/wp\/v2\/product\/23313"}],"collection":[{"href":"https:\/\/alepposhop.eu\/de\/wp-json\/wp\/v2\/product"}],"about":[{"href":"https:\/\/alepposhop.eu\/de\/wp-json\/wp\/v2\/types\/product"}],"wp:featuredmedia":[{"embeddable":true,"href":"https:\/\/alepposhop.eu\/de\/wp-json\/wp\/v2\/media\/23012"}],"wp:attachment":[{"href":"https:\/\/alepposhop.eu\/de\/wp-json\/wp\/v2\/media?parent=23313"}],"wp:term":[{"taxonomy":"product_brand","embeddable":true,"href":"https:\/\/alepposhop.eu\/de\/wp-json\/wp\/v2\/product_brand?post=23313"},{"taxonomy":"product_cat","embeddable":true,"href":"https:\/\/alepposhop.eu\/de\/wp-json\/wp\/v2\/product_cat?post=23313"},{"taxonomy":"product_tag","embeddable":true,"href":"https:\/\/alepposhop.eu\/de\/wp-json\/wp\/v2\/product_tag?post=23313"}],"curies":[{"name":"wp","href":"https:\/\/api.w.org\/{rel}","templated":true}]}}