{"id":23317,"date":"2023-02-05T20:40:00","date_gmt":"2023-03-31T02:14:20","guid":{"rendered":"https:\/\/alepposhop.eu\/himbeermarmelade\/"},"modified":"2026-03-19T02:47:31","modified_gmt":"2026-03-19T01:47:31","slug":"himbeer-jam","status":"publish","type":"product","link":"https:\/\/alepposhop.eu\/de\/himbeer-jam\/","title":{"rendered":"Himbeer Jam"},"content":{"rendered":"<p style=\"text-align: center\">Gewicht: 500 g<\/p>\n<p style=\"text-align: center\">HimbeerKonfit\u00fcre gilt aufgrund ihres Reichtums an N\u00e4hrstoffen als eine der k\u00f6stlichsten und wohltuendste Konfit\u00fcrenarten, da sie viele Vitamine, Ballaststoffe, Mineralstoffe und Antioxidantien enth\u00e4lt.<\/p>\n","protected":false},"excerpt":{"rendered":"<p>Jam<\/p>\n","protected":false},"featured_media":23016,"template":"","meta":[],"product_brand":[],"product_cat":[67],"product_tag":[5482],"class_list":{"0":"post-23317","1":"product","2":"type-product","3":"status-publish","4":"has-post-thumbnail","6":"product_cat-fruhstuck","7":"product_tag--de","9":"first","10":"outofstock","11":"taxable","12":"shipping-taxable","13":"purchasable","14":"product-type-simple"},"_links":{"self":[{"href":"https:\/\/alepposhop.eu\/de\/wp-json\/wp\/v2\/product\/23317"}],"collection":[{"href":"https:\/\/alepposhop.eu\/de\/wp-json\/wp\/v2\/product"}],"about":[{"href":"https:\/\/alepposhop.eu\/de\/wp-json\/wp\/v2\/types\/product"}],"wp:featuredmedia":[{"embeddable":true,"href":"https:\/\/alepposhop.eu\/de\/wp-json\/wp\/v2\/media\/23016"}],"wp:attachment":[{"href":"https:\/\/alepposhop.eu\/de\/wp-json\/wp\/v2\/media?parent=23317"}],"wp:term":[{"taxonomy":"product_brand","embeddable":true,"href":"https:\/\/alepposhop.eu\/de\/wp-json\/wp\/v2\/product_brand?post=23317"},{"taxonomy":"product_cat","embeddable":true,"href":"https:\/\/alepposhop.eu\/de\/wp-json\/wp\/v2\/product_cat?post=23317"},{"taxonomy":"product_tag","embeddable":true,"href":"https:\/\/alepposhop.eu\/de\/wp-json\/wp\/v2\/product_tag?post=23317"}],"curies":[{"name":"wp","href":"https:\/\/api.w.org\/{rel}","templated":true}]}}