{"id":23321,"date":"2023-02-05T20:40:00","date_gmt":"2023-03-31T02:14:20","guid":{"rendered":"https:\/\/alepposhop.eu\/feigenmarmelade\/"},"modified":"2025-02-12T12:37:01","modified_gmt":"2025-02-12T11:37:01","slug":"feigen-jam","status":"publish","type":"product","link":"https:\/\/alepposhop.eu\/de\/feigen-jam\/","title":{"rendered":"Feigen Jam"},"content":{"rendered":"<p style=\"text-align: center\">Gewicht: 500 g<\/p>\n<p style=\"text-align: center\">Feigen gelten als eine der von vielen Menschen bevorzugten Obstsorten, da sie einen anderen Geschmack und eine andere Konsistenz haben als andere Fr\u00fcchte. Sie enthalten au\u00dferdem einen hohen Anteil an hochwertigen N\u00e4hrstoffen und enthalten viele gesunde und therapeutische N\u00e4hrstoffe.<\/p>\n","protected":false},"excerpt":{"rendered":"<p>Jam<\/p>\n","protected":false},"featured_media":23020,"template":"","meta":[],"product_brand":[],"product_cat":[67],"product_tag":[5482],"class_list":{"0":"post-23321","1":"product","2":"type-product","3":"status-publish","4":"has-post-thumbnail","6":"product_cat-fruhstuck","7":"product_tag--de","9":"first","10":"outofstock","11":"taxable","12":"shipping-taxable","13":"purchasable","14":"product-type-simple"},"_links":{"self":[{"href":"https:\/\/alepposhop.eu\/de\/wp-json\/wp\/v2\/product\/23321"}],"collection":[{"href":"https:\/\/alepposhop.eu\/de\/wp-json\/wp\/v2\/product"}],"about":[{"href":"https:\/\/alepposhop.eu\/de\/wp-json\/wp\/v2\/types\/product"}],"wp:featuredmedia":[{"embeddable":true,"href":"https:\/\/alepposhop.eu\/de\/wp-json\/wp\/v2\/media\/23020"}],"wp:attachment":[{"href":"https:\/\/alepposhop.eu\/de\/wp-json\/wp\/v2\/media?parent=23321"}],"wp:term":[{"taxonomy":"product_brand","embeddable":true,"href":"https:\/\/alepposhop.eu\/de\/wp-json\/wp\/v2\/product_brand?post=23321"},{"taxonomy":"product_cat","embeddable":true,"href":"https:\/\/alepposhop.eu\/de\/wp-json\/wp\/v2\/product_cat?post=23321"},{"taxonomy":"product_tag","embeddable":true,"href":"https:\/\/alepposhop.eu\/de\/wp-json\/wp\/v2\/product_tag?post=23321"}],"curies":[{"name":"wp","href":"https:\/\/api.w.org\/{rel}","templated":true}]}}