{"id":23325,"date":"2023-02-05T20:40:00","date_gmt":"2023-03-31T02:14:20","guid":{"rendered":"https:\/\/alepposhop.eu\/erdbeerkonfituere\/"},"modified":"2026-03-19T02:51:22","modified_gmt":"2026-03-19T01:51:22","slug":"erdbeerjam","status":"publish","type":"product","link":"https:\/\/alepposhop.eu\/de\/erdbeerjam\/","title":{"rendered":"ErdbeerenKonfit\u00fcre"},"content":{"rendered":"<p style=\"text-align: center\">Gewicht: 500 g<\/p>\n<p style=\"text-align: center\">ErdbeerenKonfit\u00fcre gilt als eine der leckersten Konfit\u00fcrensorten und ist am einfachsten zuzubereiten. Viele Kinder bevorzugen sie aufgrund ihres k\u00f6stlichen Geschmacks gegen\u00fcber anderen Marmeladensorten. Selbstgemachtes gilt zudem als sicher, da es frei von Konservierungs- und Farbstoffen ist.<\/p>\n","protected":false},"excerpt":{"rendered":"<p>Jam<\/p>\n","protected":false},"featured_media":23024,"template":"","meta":[],"product_brand":[],"product_cat":[67],"product_tag":[5482],"class_list":{"0":"post-23325","1":"product","2":"type-product","3":"status-publish","4":"has-post-thumbnail","6":"product_cat-fruhstuck","7":"product_tag--de","9":"first","10":"outofstock","11":"taxable","12":"shipping-taxable","13":"purchasable","14":"product-type-simple"},"_links":{"self":[{"href":"https:\/\/alepposhop.eu\/de\/wp-json\/wp\/v2\/product\/23325"}],"collection":[{"href":"https:\/\/alepposhop.eu\/de\/wp-json\/wp\/v2\/product"}],"about":[{"href":"https:\/\/alepposhop.eu\/de\/wp-json\/wp\/v2\/types\/product"}],"wp:featuredmedia":[{"embeddable":true,"href":"https:\/\/alepposhop.eu\/de\/wp-json\/wp\/v2\/media\/23024"}],"wp:attachment":[{"href":"https:\/\/alepposhop.eu\/de\/wp-json\/wp\/v2\/media?parent=23325"}],"wp:term":[{"taxonomy":"product_brand","embeddable":true,"href":"https:\/\/alepposhop.eu\/de\/wp-json\/wp\/v2\/product_brand?post=23325"},{"taxonomy":"product_cat","embeddable":true,"href":"https:\/\/alepposhop.eu\/de\/wp-json\/wp\/v2\/product_cat?post=23325"},{"taxonomy":"product_tag","embeddable":true,"href":"https:\/\/alepposhop.eu\/de\/wp-json\/wp\/v2\/product_tag?post=23325"}],"curies":[{"name":"wp","href":"https:\/\/api.w.org\/{rel}","templated":true}]}}