{"id":23329,"date":"2023-02-05T20:40:00","date_gmt":"2023-02-05T19:57:13","guid":{"rendered":"https:\/\/alepposhop.eu\/gewuertzte-oliven\/"},"modified":"2024-11-14T23:58:52","modified_gmt":"2024-11-14T22:58:52","slug":"gewuertzte-oliven","status":"publish","type":"product","link":"https:\/\/alepposhop.eu\/de\/gewuertzte-oliven\/","title":{"rendered":"Gew\u00fcrtzte Oliven"},"content":{"rendered":"<p style=\"text-align: center\">Gewicht: 250 g<\/p>\n<p style=\"text-align: center\">Oliven gelten als eine der unverzichtbaren Vorspeisen auf dem arabischen Tisch, denn Oliven haben einen unverwechselbaren Geschmack, der den Appetit anregt.<br \/>\nHausgemachte Oliven, mariniert mit nat\u00fcrlicher Granatapfelmelasse, nativem Oliven\u00f6l extra und einer Mischung k\u00f6stlicher Gew\u00fcrze<\/p>\n","protected":false},"excerpt":{"rendered":"<p>oliven,gew\u00fcrze,oil,gr\u00fcner oliven<\/p>\n","protected":false},"featured_media":23028,"template":"","meta":[],"product_brand":[],"product_cat":[67],"product_tag":[5480,5481,5482,5523],"class_list":{"0":"post-23329","1":"product","2":"type-product","3":"status-publish","4":"has-post-thumbnail","6":"product_cat-fruhstuck","7":"product_tag--de","8":"product_tag---de","12":"first","13":"instock","14":"taxable","15":"shipping-taxable","16":"purchasable","17":"product-type-simple"},"_links":{"self":[{"href":"https:\/\/alepposhop.eu\/de\/wp-json\/wp\/v2\/product\/23329"}],"collection":[{"href":"https:\/\/alepposhop.eu\/de\/wp-json\/wp\/v2\/product"}],"about":[{"href":"https:\/\/alepposhop.eu\/de\/wp-json\/wp\/v2\/types\/product"}],"wp:featuredmedia":[{"embeddable":true,"href":"https:\/\/alepposhop.eu\/de\/wp-json\/wp\/v2\/media\/23028"}],"wp:attachment":[{"href":"https:\/\/alepposhop.eu\/de\/wp-json\/wp\/v2\/media?parent=23329"}],"wp:term":[{"taxonomy":"product_brand","embeddable":true,"href":"https:\/\/alepposhop.eu\/de\/wp-json\/wp\/v2\/product_brand?post=23329"},{"taxonomy":"product_cat","embeddable":true,"href":"https:\/\/alepposhop.eu\/de\/wp-json\/wp\/v2\/product_cat?post=23329"},{"taxonomy":"product_tag","embeddable":true,"href":"https:\/\/alepposhop.eu\/de\/wp-json\/wp\/v2\/product_tag?post=23329"}],"curies":[{"name":"wp","href":"https:\/\/api.w.org\/{rel}","templated":true}]}}