{"id":23333,"date":"2023-02-05T20:40:00","date_gmt":"2023-02-05T19:57:13","guid":{"rendered":"https:\/\/alepposhop.eu\/gewuertzte-schwarze-oliven\/"},"modified":"2024-11-20T00:33:56","modified_gmt":"2024-11-19T23:33:56","slug":"gewuertzte-schwarze-oliven","status":"publish","type":"product","link":"https:\/\/alepposhop.eu\/de\/gewuertzte-schwarze-oliven\/","title":{"rendered":"Gew\u00fcrtzte schwarze Oliven"},"content":{"rendered":"<p style=\"text-align: center\">Gewicht: 250 g<\/p>\n<p style=\"text-align: center\">Schwarze Oliven gelten als unverzichtbare Vorspeise auf dem arabischen Tisch, denn sie haben einen unverwechselbaren Geschmack, der den Appetit anregt.<br \/>\nDas baytotische Rezept f\u00fcr schwarze Oliven, mariniert mit nat\u00fcrlicher Granatapfelmelasse, nativem Oliven\u00f6l extra und einer Mischung k\u00f6stlicher Gew\u00fcrze<\/p>\n<p style=\"text-align: center\">\n","protected":false},"excerpt":{"rendered":"<p>schwarzer oliven,oliven,oil,gew\u00fcrze<\/p>\n","protected":false},"featured_media":23032,"template":"","meta":[],"product_brand":[],"product_cat":[67],"product_tag":[5480,5481,5482],"class_list":{"0":"post-23333","1":"product","2":"type-product","3":"status-publish","4":"has-post-thumbnail","6":"product_cat-fruhstuck","7":"product_tag--de","8":"product_tag---de","11":"first","12":"instock","13":"taxable","14":"shipping-taxable","15":"purchasable","16":"product-type-simple"},"_links":{"self":[{"href":"https:\/\/alepposhop.eu\/de\/wp-json\/wp\/v2\/product\/23333"}],"collection":[{"href":"https:\/\/alepposhop.eu\/de\/wp-json\/wp\/v2\/product"}],"about":[{"href":"https:\/\/alepposhop.eu\/de\/wp-json\/wp\/v2\/types\/product"}],"wp:featuredmedia":[{"embeddable":true,"href":"https:\/\/alepposhop.eu\/de\/wp-json\/wp\/v2\/media\/23032"}],"wp:attachment":[{"href":"https:\/\/alepposhop.eu\/de\/wp-json\/wp\/v2\/media?parent=23333"}],"wp:term":[{"taxonomy":"product_brand","embeddable":true,"href":"https:\/\/alepposhop.eu\/de\/wp-json\/wp\/v2\/product_brand?post=23333"},{"taxonomy":"product_cat","embeddable":true,"href":"https:\/\/alepposhop.eu\/de\/wp-json\/wp\/v2\/product_cat?post=23333"},{"taxonomy":"product_tag","embeddable":true,"href":"https:\/\/alepposhop.eu\/de\/wp-json\/wp\/v2\/product_tag?post=23333"}],"curies":[{"name":"wp","href":"https:\/\/api.w.org\/{rel}","templated":true}]}}