{"id":23337,"date":"2023-02-05T20:40:00","date_gmt":"2023-02-05T19:57:13","guid":{"rendered":"https:\/\/alepposhop.eu\/paprika-gefuellt-mit-frischkaese\/"},"modified":"2024-11-20T00:43:05","modified_gmt":"2024-11-19T23:43:05","slug":"paprika-gefuellt-mit-frischkaese","status":"publish","type":"product","link":"https:\/\/alepposhop.eu\/de\/paprika-gefuellt-mit-frischkaese\/","title":{"rendered":"paprika gef\u00fcllt mit frischk\u00e4se"},"content":{"rendered":"<p style=\"text-align: center\">Gewicht: 250 g<\/p>\n<p style=\"text-align: center\">Paprika geh\u00f6rt zu den k\u00f6stlichen Gem\u00fcsesorten, die auf der ganzen Welt bekannt sind, und enth\u00e4lt viele wichtige N\u00e4hrstoffe.<\/p>\n<p style=\"text-align: center\">Vom Aleppo Shop\u00a0 bieten wir Ihnen mit Frischk\u00e4se und k\u00f6stlichen Gew\u00fcrzen gef\u00fcllte Paprikaschoten an, die als leckeres und k\u00f6stliches Vorspeisengericht serviert werden k\u00f6nnen.<\/p>\n","protected":false},"excerpt":{"rendered":"<p>paprika,k\u00e4se,oil<\/p>\n","protected":false},"featured_media":23036,"template":"","meta":[],"product_brand":[],"product_cat":[67],"product_tag":[5482],"class_list":{"0":"post-23337","1":"product","2":"type-product","3":"status-publish","4":"has-post-thumbnail","6":"product_cat-fruhstuck","7":"product_tag--de","9":"first","10":"instock","11":"taxable","12":"shipping-taxable","13":"purchasable","14":"product-type-simple"},"_links":{"self":[{"href":"https:\/\/alepposhop.eu\/de\/wp-json\/wp\/v2\/product\/23337"}],"collection":[{"href":"https:\/\/alepposhop.eu\/de\/wp-json\/wp\/v2\/product"}],"about":[{"href":"https:\/\/alepposhop.eu\/de\/wp-json\/wp\/v2\/types\/product"}],"wp:featuredmedia":[{"embeddable":true,"href":"https:\/\/alepposhop.eu\/de\/wp-json\/wp\/v2\/media\/23036"}],"wp:attachment":[{"href":"https:\/\/alepposhop.eu\/de\/wp-json\/wp\/v2\/media?parent=23337"}],"wp:term":[{"taxonomy":"product_brand","embeddable":true,"href":"https:\/\/alepposhop.eu\/de\/wp-json\/wp\/v2\/product_brand?post=23337"},{"taxonomy":"product_cat","embeddable":true,"href":"https:\/\/alepposhop.eu\/de\/wp-json\/wp\/v2\/product_cat?post=23337"},{"taxonomy":"product_tag","embeddable":true,"href":"https:\/\/alepposhop.eu\/de\/wp-json\/wp\/v2\/product_tag?post=23337"}],"curies":[{"name":"wp","href":"https:\/\/api.w.org\/{rel}","templated":true}]}}