{"id":23341,"date":"2023-02-05T20:40:00","date_gmt":"2023-02-05T19:57:13","guid":{"rendered":"https:\/\/alepposhop.eu\/muhammara-sosse-mit-walnuss-fertig-zum-essen\/"},"modified":"2024-05-13T19:34:47","modified_gmt":"2024-05-13T17:34:47","slug":"muhammara-sosse-mit-walnuss-fertig-zum-essen","status":"publish","type":"product","link":"https:\/\/alepposhop.eu\/de\/muhammara-sosse-mit-walnuss-fertig-zum-essen\/","title":{"rendered":"Muhammara Dip mit Walnuss (fertig zum essen )"},"content":{"rendered":"<p style=\"text-align: center\">Muhammara ist eine der k\u00f6stlichsten Vorspeisen, mit denen Sie Ihr Tisch dekorieren k\u00f6nnen und die Sie neben vielen Gerichten wie Grillgerichten und Mittagsgerichten servieren k\u00f6nnen.<\/p>\n<p style=\"text-align: center\">Seine Zutaten sind gemahlene Kuchen, denen Paprikapaste, Zwiebeln, Tahini und Granatapfelmelasse zugesetzt werden. Sie werden haupts\u00e4chlich mit Oliven\u00f6l geknetet und mit rohen Waln\u00fcssen dekoriert.<\/p>\n","protected":false},"excerpt":{"rendered":"<p>muhamaram.paprika,paprika paste,chili,walnuss,oil,granatapfel,tahina<\/p>\n","protected":false},"featured_media":23040,"template":"","meta":[],"product_brand":[],"product_cat":[68],"product_tag":[5482,5533,5536],"class_list":{"0":"post-23341","1":"product","2":"type-product","3":"status-publish","4":"has-post-thumbnail","6":"product_cat-lebensmittelversorgung","7":"product_tag--de","9":"product_tag---de","11":"first","12":"instock","13":"taxable","14":"shipping-taxable","15":"purchasable","16":"product-type-simple"},"_links":{"self":[{"href":"https:\/\/alepposhop.eu\/de\/wp-json\/wp\/v2\/product\/23341"}],"collection":[{"href":"https:\/\/alepposhop.eu\/de\/wp-json\/wp\/v2\/product"}],"about":[{"href":"https:\/\/alepposhop.eu\/de\/wp-json\/wp\/v2\/types\/product"}],"wp:featuredmedia":[{"embeddable":true,"href":"https:\/\/alepposhop.eu\/de\/wp-json\/wp\/v2\/media\/23040"}],"wp:attachment":[{"href":"https:\/\/alepposhop.eu\/de\/wp-json\/wp\/v2\/media?parent=23341"}],"wp:term":[{"taxonomy":"product_brand","embeddable":true,"href":"https:\/\/alepposhop.eu\/de\/wp-json\/wp\/v2\/product_brand?post=23341"},{"taxonomy":"product_cat","embeddable":true,"href":"https:\/\/alepposhop.eu\/de\/wp-json\/wp\/v2\/product_cat?post=23341"},{"taxonomy":"product_tag","embeddable":true,"href":"https:\/\/alepposhop.eu\/de\/wp-json\/wp\/v2\/product_tag?post=23341"}],"curies":[{"name":"wp","href":"https:\/\/api.w.org\/{rel}","templated":true}]}}