{"id":23349,"date":"2023-02-05T20:40:00","date_gmt":"2023-02-05T19:57:13","guid":{"rendered":"https:\/\/alepposhop.eu\/gewuerzte-getrocknete-tomate\/"},"modified":"2025-01-22T22:10:14","modified_gmt":"2025-01-22T21:10:14","slug":"gewuerzte-getrocknete-tomate","status":"publish","type":"product","link":"https:\/\/alepposhop.eu\/de\/gewuerzte-getrocknete-tomate\/","title":{"rendered":"Getrocknete Tomate (gew\u00fcrzt)"},"content":{"rendered":"<p style=\"text-align: center\">250 gr.<\/p>\n<p style=\"text-align: center\">Getrocknete Tomaten, gew\u00fcrzt mit gepressten Kr\u00e4utern und Oliven\u00f6l<\/p>\n<p style=\"text-align: center\">Es kann als Vorspeise gegessen oder zu Nudeln oder vielen anderen Lebensmitteln wie Fleisch oder Gem\u00fcse hinzugef\u00fcgt werden<\/p>\n<p style=\"text-align: center\">\n","protected":false},"excerpt":{"rendered":"<p>getrockente,tomate,oil,gew\u00fcrze<\/p>\n","protected":false},"featured_media":23048,"template":"","meta":[],"product_brand":[],"product_cat":[68],"product_tag":[],"class_list":{"0":"post-23349","1":"product","2":"type-product","3":"status-publish","4":"has-post-thumbnail","6":"product_cat-lebensmittelversorgung","8":"first","9":"instock","10":"taxable","11":"shipping-taxable","12":"purchasable","13":"product-type-simple"},"_links":{"self":[{"href":"https:\/\/alepposhop.eu\/de\/wp-json\/wp\/v2\/product\/23349"}],"collection":[{"href":"https:\/\/alepposhop.eu\/de\/wp-json\/wp\/v2\/product"}],"about":[{"href":"https:\/\/alepposhop.eu\/de\/wp-json\/wp\/v2\/types\/product"}],"wp:featuredmedia":[{"embeddable":true,"href":"https:\/\/alepposhop.eu\/de\/wp-json\/wp\/v2\/media\/23048"}],"wp:attachment":[{"href":"https:\/\/alepposhop.eu\/de\/wp-json\/wp\/v2\/media?parent=23349"}],"wp:term":[{"taxonomy":"product_brand","embeddable":true,"href":"https:\/\/alepposhop.eu\/de\/wp-json\/wp\/v2\/product_brand?post=23349"},{"taxonomy":"product_cat","embeddable":true,"href":"https:\/\/alepposhop.eu\/de\/wp-json\/wp\/v2\/product_cat?post=23349"},{"taxonomy":"product_tag","embeddable":true,"href":"https:\/\/alepposhop.eu\/de\/wp-json\/wp\/v2\/product_tag?post=23349"}],"curies":[{"name":"wp","href":"https:\/\/api.w.org\/{rel}","templated":true}]}}