{"id":23361,"date":"2023-02-05T20:40:00","date_gmt":"2023-02-05T19:57:13","guid":{"rendered":"https:\/\/alepposhop.eu\/mandeln-geschaelt\/"},"modified":"2025-01-31T13:27:19","modified_gmt":"2025-01-31T12:27:19","slug":"mandeln-geschaelt","status":"publish","type":"product","link":"https:\/\/alepposhop.eu\/de\/mandeln-geschaelt\/","title":{"rendered":"Mandeln (gesch\u00e4lt)"},"content":{"rendered":"<p style=\"text-align: center\">Gewicht: 100 g<\/p>\n<p style=\"text-align: center\">Mandeln sind ein Lebensmittel mit hohem N\u00e4hrwert, da sie neben Antioxidantien, den Vitaminen B2 und B3 sowie Magnesium auch Ballaststoffe, Proteine, gesunde Fette, Vitamin E und Kalzium enthalten. Das Vorhandensein dieser n\u00fctzlichen und wichtigen N\u00e4hrstoffe in einer Handvoll Mandeln deckt den Tagesbedarf des K\u00f6rpers an jedem dieser Elemente zu einem guten Teil.<\/p>\n<p style=\"text-align: center\">\n","protected":false},"excerpt":{"rendered":"<p>mandeln,nuss,nusse,mandel<\/p>\n","protected":false},"featured_media":23060,"template":"","meta":[],"product_brand":[],"product_cat":[71],"product_tag":[],"class_list":{"0":"post-23361","1":"product","2":"type-product","3":"status-publish","4":"has-post-thumbnail","6":"product_cat-nusse-und-samen","8":"first","9":"instock","10":"taxable","11":"shipping-taxable","12":"purchasable","13":"product-type-simple"},"_links":{"self":[{"href":"https:\/\/alepposhop.eu\/de\/wp-json\/wp\/v2\/product\/23361"}],"collection":[{"href":"https:\/\/alepposhop.eu\/de\/wp-json\/wp\/v2\/product"}],"about":[{"href":"https:\/\/alepposhop.eu\/de\/wp-json\/wp\/v2\/types\/product"}],"wp:featuredmedia":[{"embeddable":true,"href":"https:\/\/alepposhop.eu\/de\/wp-json\/wp\/v2\/media\/23060"}],"wp:attachment":[{"href":"https:\/\/alepposhop.eu\/de\/wp-json\/wp\/v2\/media?parent=23361"}],"wp:term":[{"taxonomy":"product_brand","embeddable":true,"href":"https:\/\/alepposhop.eu\/de\/wp-json\/wp\/v2\/product_brand?post=23361"},{"taxonomy":"product_cat","embeddable":true,"href":"https:\/\/alepposhop.eu\/de\/wp-json\/wp\/v2\/product_cat?post=23361"},{"taxonomy":"product_tag","embeddable":true,"href":"https:\/\/alepposhop.eu\/de\/wp-json\/wp\/v2\/product_tag?post=23361"}],"curies":[{"name":"wp","href":"https:\/\/api.w.org\/{rel}","templated":true}]}}