{"id":23365,"date":"2023-02-05T20:40:00","date_gmt":"2023-02-05T19:57:13","guid":{"rendered":"https:\/\/alepposhop.eu\/mandeln-geschaelt-2\/"},"modified":"2025-01-31T14:07:37","modified_gmt":"2025-01-31T13:07:37","slug":"mandeln-geschaelt-2","status":"publish","type":"product","link":"https:\/\/alepposhop.eu\/de\/mandeln-geschaelt-2\/","title":{"rendered":"gehobelte Mandeln"},"content":{"rendered":"<p style=\"text-align: center\">Gewicht: 100 g<\/p>\n<p style=\"text-align: center\">Mandeln sind ein Lebensmittel mit hohem N\u00e4hrwert, da sie Ballaststoffe, Proteine, gesunde Fette, Vitamin E, Kalzium sowie Antioxidantien, die Vitamine B2 und B3 und Magnesium enthalten. Das Vorhandensein dieser n\u00fctzlichen und wichtigen N\u00e4hrstoffe in einer Handvoll Mandeln deckt den Tagesbedarf des K\u00f6rpers an jedem dieser Elemente zu einem guten Teil.<\/p>\n","protected":false},"excerpt":{"rendered":"<p>mandeln,nuss,nusse,mandel<\/p>\n","protected":false},"featured_media":23064,"template":"","meta":[],"product_brand":[],"product_cat":[71],"product_tag":[],"class_list":{"0":"post-23365","1":"product","2":"type-product","3":"status-publish","4":"has-post-thumbnail","6":"product_cat-nusse-und-samen","8":"first","9":"instock","10":"taxable","11":"shipping-taxable","12":"purchasable","13":"product-type-simple"},"_links":{"self":[{"href":"https:\/\/alepposhop.eu\/de\/wp-json\/wp\/v2\/product\/23365"}],"collection":[{"href":"https:\/\/alepposhop.eu\/de\/wp-json\/wp\/v2\/product"}],"about":[{"href":"https:\/\/alepposhop.eu\/de\/wp-json\/wp\/v2\/types\/product"}],"wp:featuredmedia":[{"embeddable":true,"href":"https:\/\/alepposhop.eu\/de\/wp-json\/wp\/v2\/media\/23064"}],"wp:attachment":[{"href":"https:\/\/alepposhop.eu\/de\/wp-json\/wp\/v2\/media?parent=23365"}],"wp:term":[{"taxonomy":"product_brand","embeddable":true,"href":"https:\/\/alepposhop.eu\/de\/wp-json\/wp\/v2\/product_brand?post=23365"},{"taxonomy":"product_cat","embeddable":true,"href":"https:\/\/alepposhop.eu\/de\/wp-json\/wp\/v2\/product_cat?post=23365"},{"taxonomy":"product_tag","embeddable":true,"href":"https:\/\/alepposhop.eu\/de\/wp-json\/wp\/v2\/product_tag?post=23365"}],"curies":[{"name":"wp","href":"https:\/\/api.w.org\/{rel}","templated":true}]}}