{"id":23369,"date":"2023-02-05T20:40:00","date_gmt":"2023-02-05T19:57:13","guid":{"rendered":"https:\/\/alepposhop.eu\/gemahlen-zwieback\/"},"modified":"2023-02-05T20:58:17","modified_gmt":"2023-02-05T19:58:17","slug":"gemahlen-zwieback","status":"publish","type":"product","link":"https:\/\/alepposhop.eu\/de\/gemahlen-zwieback\/","title":{"rendered":"gemahlen Zwieback"},"content":{"rendered":"<p style=\"text-align: center;\">Dem Zwieback werden Aromen wie Kr\u00e4uter, Gew\u00fcrze und Gew\u00fcrze hinzugef\u00fcgt, um den Geschmack zu verbessern, und Fleisch oder Gem\u00fcse werden darin eingewickelt.<\/p>\n<h2 style=\"text-align: center;\">zwieback,crispy,knusprig<\/h2>\n<h2 style=\"text-align: center;\">Getreide<\/h2>\n<p style=\"text-align: center;\">zwieback<\/p>\n<p style=\"text-align: center;\">Aleppo Shop<\/p>\n<p style=\"text-align: center;\">zwieback<\/p>\n<p style=\"text-align: center;\">\n","protected":false},"excerpt":{"rendered":"<p>zwieback,crispy,knusprig<\/p>\n","protected":false},"featured_media":23068,"template":"","meta":[],"product_brand":[],"product_cat":[4757],"product_tag":[],"class_list":{"0":"post-23369","1":"product","2":"type-product","3":"status-publish","4":"has-post-thumbnail","6":"product_cat-getreide","8":"first","9":"instock","10":"taxable","11":"shipping-taxable","12":"purchasable","13":"product-type-simple"},"_links":{"self":[{"href":"https:\/\/alepposhop.eu\/de\/wp-json\/wp\/v2\/product\/23369"}],"collection":[{"href":"https:\/\/alepposhop.eu\/de\/wp-json\/wp\/v2\/product"}],"about":[{"href":"https:\/\/alepposhop.eu\/de\/wp-json\/wp\/v2\/types\/product"}],"wp:featuredmedia":[{"embeddable":true,"href":"https:\/\/alepposhop.eu\/de\/wp-json\/wp\/v2\/media\/23068"}],"wp:attachment":[{"href":"https:\/\/alepposhop.eu\/de\/wp-json\/wp\/v2\/media?parent=23369"}],"wp:term":[{"taxonomy":"product_brand","embeddable":true,"href":"https:\/\/alepposhop.eu\/de\/wp-json\/wp\/v2\/product_brand?post=23369"},{"taxonomy":"product_cat","embeddable":true,"href":"https:\/\/alepposhop.eu\/de\/wp-json\/wp\/v2\/product_cat?post=23369"},{"taxonomy":"product_tag","embeddable":true,"href":"https:\/\/alepposhop.eu\/de\/wp-json\/wp\/v2\/product_tag?post=23369"}],"curies":[{"name":"wp","href":"https:\/\/api.w.org\/{rel}","templated":true}]}}